{"id":11076,"date":"2016-07-11T15:29:53","date_gmt":"2016-07-11T13:29:53","guid":{"rendered":"https:\/\/ilo-lilo.com\/?page_id=11076"},"modified":"2022-05-23T12:43:41","modified_gmt":"2022-05-23T10:43:41","slug":"ilo-lilo-moda-infantil-ropa-de-bebe-y-ninos-online-ropa-infantil-2-2-2-2-2-2-2-2","status":"publish","type":"page","link":"https:\/\/outlet.ilo-lilo.com\/en\/","title":{"rendered":"INICIO"},"content":{"rendered":"  <div class=\"banner-grid-wrapper\">\n  <div id=\"banner-grid-2039487349\" class=\"banner-grid row row-grid row-small row-box-shadow-1 row-box-shadow-1-hover\" data-packery-options=\"\">\n                      \n<div class=\"col grid-col medium-16 small-12 large-13 grid-col-3-4\" ><div class=\"col-inner box-shadow-5 box-shadow-5-hover\">\n\n  <div class=\"banner has-hover bg-zoom\" id=\"banner-1691802361\">\n          <div class=\"banner-inner fill\">\n        <div class=\"banner-bg fill\" >\n            <div class=\"bg fill bg-fill \"><\/div>\n                                    \n                    <\/div>\n\t\t\n        <div class=\"banner-layers container\">\n            <a class=\"fill\" href=\"https:\/\/outlet.ilo-lilo.com\/categoria-producto\/coleccion-aw21-22\/\" ><div class=\"fill banner-link\"><\/div><\/a>            \n        <\/div>\n      <\/div>\n\n              <div class=\"height-fix is-invisible\"><img width=\"1709\" height=\"2560\" src=\"https:\/\/outlet.ilo-lilo.com\/wp-content\/uploads\/ilolilo_shooting_inv21_042-scaled.jpg\" class=\"attachment-orginal size-orginal\" alt=\"\" loading=\"lazy\" srcset=\"https:\/\/outlet.ilo-lilo.com\/wp-content\/uploads\/ilolilo_shooting_inv21_042-scaled.jpg 1709w, https:\/\/outlet.ilo-lilo.com\/wp-content\/uploads\/ilolilo_shooting_inv21_042-scaled-510x764.jpg 510w, https:\/\/outlet.ilo-lilo.com\/wp-content\/uploads\/ilolilo_shooting_inv21_042-200x300.jpg 200w, https:\/\/outlet.ilo-lilo.com\/wp-content\/uploads\/ilolilo_shooting_inv21_042-688x1030.jpg 688w, https:\/\/outlet.ilo-lilo.com\/wp-content\/uploads\/ilolilo_shooting_inv21_042-768x1150.jpg 768w, https:\/\/outlet.ilo-lilo.com\/wp-content\/uploads\/ilolilo_shooting_inv21_042-1025x1536.jpg 1025w, https:\/\/outlet.ilo-lilo.com\/wp-content\/uploads\/ilolilo_shooting_inv21_042-1367x2048.jpg 1367w, https:\/\/outlet.ilo-lilo.com\/wp-content\/uploads\/ilolilo_shooting_inv21_042-450x674.jpg 450w\" sizes=\"(max-width: 1709px) 100vw, 1709px\" \/><\/div>\n            \n<style>\n#banner-1691802361 .bg.bg-loaded {\n  background-image: url(https:\/\/outlet.ilo-lilo.com\/wp-content\/uploads\/ilolilo_shooting_inv21_042-scaled.jpg);\n}\n#banner-1691802361 {\n  background-color: rgb(142, 181, 215);\n}\n#banner-1691802361 .bg {\n  background-position: 61% 35%;\n}\n<\/style>\n  <\/div>\n\n\n<\/div><\/div>\n<div class=\"col grid-col small-4 large-4 grid-col-2-3\" ><div class=\"col-inner\">\n\n  <div class=\"banner has-hover bg-zoom\" id=\"banner-2078130063\">\n          <div class=\"banner-inner fill\">\n        <div class=\"banner-bg fill\" >\n            <div class=\"bg fill bg-fill \"><\/div>\n                                    \n                    <\/div>\n\t\t\n        <div class=\"banner-layers container\">\n            <a class=\"fill\" href=\"https:\/\/outlet.ilo-lilo.com\/categoria-producto\/nina\/\" ><div class=\"fill banner-link\"><\/div><\/a>            \n   <div id=\"text-box-810745789\" class=\"text-box banner-layer x50 md-x50 lg-x50 y100 md-y100 lg-y100 res-text\">\n                                <div class=\"text-box-content text dark text-shadow-5\">\n              \n              <div class=\"text-inner text-center\">\n                  \n<p>  GIRL<\/p>\n              <\/div>\n           <\/div>\n                            \n<style>\n#text-box-810745789 {\n  width: 100%;\n}\n#text-box-810745789 .text-box-content {\n  font-size: 300%;\n}\n@media (min-width:550px) {\n  #text-box-810745789 .text-box-content {\n    font-size: 500%;\n  }\n}\n<\/style>\n    <\/div>\n \n        <\/div>\n      <\/div>\n\n            \n<style>\n#banner-2078130063 {\n  padding-top: 500px;\n  background-color: rgb(142, 181, 215);\n}\n#banner-2078130063 .bg.bg-loaded {\n  background-image: url(https:\/\/outlet.ilo-lilo.com\/wp-content\/uploads\/ilolilo_shooting_inv21_camisa-villandry-y-braguita-falda-magdalena-1-688x1030.jpg);\n}\n#banner-2078130063 .bg {\n  background-position: 100% 14%;\n}\n<\/style>\n  <\/div>\n\n\n<\/div><\/div>\n<div class=\"col grid-col small-4 large-4 grid-col-2-3\" ><div class=\"col-inner\">\n\n  <div class=\"banner has-hover bg-zoom\" id=\"banner-544103156\">\n          <div class=\"banner-inner fill\">\n        <div class=\"banner-bg fill\" >\n            <div class=\"bg fill bg-fill \"><\/div>\n                                    \n                    <\/div>\n\t\t\n        <div class=\"banner-layers container\">\n            <a class=\"fill\" href=\"https:\/\/outlet.ilo-lilo.com\/categoria-producto\/bebe\/\" ><div class=\"fill banner-link\"><\/div><\/a>            \n   <div id=\"text-box-1874591449\" class=\"text-box banner-layer x50 md-x50 lg-x50 y100 md-y100 lg-y100 res-text\">\n                                <div class=\"text-box-content text dark text-shadow-5\">\n              \n              <div class=\"text-inner text-center\">\n                  \n<p>BABY<\/p>\n              <\/div>\n           <\/div>\n                            \n<style>\n#text-box-1874591449 {\n  width: 100%;\n}\n#text-box-1874591449 .text-box-content {\n  font-size: 300%;\n}\n@media (min-width:550px) {\n  #text-box-1874591449 .text-box-content {\n    font-size: 500%;\n  }\n}\n<\/style>\n    <\/div>\n \n        <\/div>\n      <\/div>\n\n            \n<style>\n#banner-544103156 {\n  padding-top: 500px;\n  background-color: rgb(142, 181, 215);\n}\n#banner-544103156 .bg.bg-loaded {\n  background-image: url(https:\/\/outlet.ilo-lilo.com\/wp-content\/uploads\/ilolilo_shooting_inv21_pelele-versalles-con-ranita-de-punto-azul-1-e1630077433440.jpg);\n}\n#banner-544103156 .bg {\n  background-position: 30% 97%;\n}\n<\/style>\n  <\/div>\n\n\n<\/div><\/div>\n<div class=\"col grid-col small-4 large-4 grid-col-2-3\" ><div class=\"col-inner\">\n\n  <div class=\"banner has-hover bg-zoom\" id=\"banner-409996391\">\n          <div class=\"banner-inner fill\">\n        <div class=\"banner-bg fill\" >\n            <div class=\"bg fill bg-fill \"><\/div>\n                        <div class=\"overlay\"><\/div>            \n                    <\/div>\n\t\t\n        <div class=\"banner-layers container\">\n            <a class=\"fill\" href=\"https:\/\/outlet.ilo-lilo.com\/categoria-producto\/nino\/\" ><div class=\"fill banner-link\"><\/div><\/a>            \n   <div id=\"text-box-1897582004\" class=\"text-box banner-layer x50 md-x50 lg-x50 y100 md-y100 lg-y100 res-text\">\n                                <div class=\"text-box-content text dark text-shadow-5\">\n              \n              <div class=\"text-inner text-center\">\n                  \n<p> BOY <\/p>\n              <\/div>\n           <\/div>\n                            \n<style>\n#text-box-1897582004 {\n  width: 100%;\n}\n#text-box-1897582004 .text-box-content {\n  font-size: 300%;\n}\n@media (min-width:550px) {\n  #text-box-1897582004 .text-box-content {\n    font-size: 500%;\n  }\n}\n<\/style>\n    <\/div>\n \n        <\/div>\n      <\/div>\n\n            \n<style>\n#banner-409996391 {\n  padding-top: 500px;\n  background-color: rgb(142, 181, 215);\n}\n#banner-409996391 .bg.bg-loaded {\n  background-image: url(https:\/\/outlet.ilo-lilo.com\/wp-content\/uploads\/ilolilo_shooting_inv21_213-688x1030.jpg);\n}\n#banner-409996391 .overlay {\n  background-color: rgba(0, 0, 0, 0);\n}\n#banner-409996391 .bg {\n  background-position: 61% 50%;\n}\n<\/style>\n  <\/div>\n\n\n<\/div><\/div>\n            <\/div>\n    <style>\n    #banner-grid-2039487349 .grid-col-1{height: 773px}\n    #banner-grid-2039487349 .grid-col-1-2{height: 386.5px}\n    #banner-grid-2039487349 .grid-col-1-3{height:257.66666666667px}\n    #banner-grid-2039487349 .grid-col-2-3{height: 515.33333333333px}\n    #banner-grid-2039487349 .grid-col-1-4{height: 193.25px}\n    #banner-grid-2039487349 .grid-col-3-4{height: 579.75px}\n\n\n    \n        \/* Mobile *\/\n    @media (max-width: 550px){\n      #banner-grid-2039487349 .grid-col-1{height: 285px}\n      #banner-grid-2039487349 .grid-col-1-2{height: 142.5px}\n      #banner-grid-2039487349 .grid-col-1-3{height:95px}\n      #banner-grid-2039487349 .grid-col-2-3{height: 190px}\n      #banner-grid-2039487349 .grid-col-1-4{height: 71.25px}\n      #banner-grid-2039487349 .grid-col-3-4{height: 213.75px}\n    }\n    \n\n  <\/style>\n    <\/div>\n  \n<div class=\"container section-title-container\" ><h3 class=\"section-title section-title-center\"><b><\/b><span class=\"section-title-main\" style=\"font-size:154%;color:rgba(234, 111, 24, 0.56);\">C a t e g o r i e s<\/span><b><\/b><\/h3><\/div>\n\n  \n    <div class=\"row large-columns-4 medium-columns-5 small-columns-2 row-normal has-shadow row-box-shadow-1 row-box-shadow-2-hover slider row-slider slider-nav-simple slider-nav-outside slider-nav-push\"  data-flickity-options='{\"imagesLoaded\": true, \"groupCells\": \"100%\", \"dragThreshold\" : 5, \"cellAlign\": \"left\",\"wrapAround\": true,\"prevNextButtons\": true,\"percentPosition\": true,\"pageDots\": false, \"rightToLeft\": false, \"autoPlay\" : 5000}' >\n\n  <div class=\"product-category col\" data-animate=\"fadeInLeft\">\n            <div class=\"col-inner\">\n                              <div class=\"box box-category has-hover box-bounce \">\n                <div class=\"box-image\" >\n                  <div class=\"image-zoom\" >\n                  <img src=\"https:\/\/outlet.ilo-lilo.com\/wp-content\/uploads\/IMG_4948-scaled-e1694848997140-247x296.jpeg\" alt=\"Pants and Knickers\" width=\"300\" height=\"300\" \/>                  <div class=\"overlay\" style=\"background-color: rgba(255, 255, 255, 0)\"><\/div>                                    <\/div>\n                <\/div>\n                <div class=\"box-text text-center\" style=\"background-color:rgba(253, 225, 134, 0);\">\n                  <div class=\"box-text-inner\">\n                      <h5 class=\"uppercase header-title\">\n                              Pants and Knickers                      <\/h5>\n                                            <p class=\"is-xsmall uppercase count \">\n\t                      15 Products                      <\/p>\n                                            \n                  <\/div>\n                <\/div>\n                <\/div>\n                        <\/div>\n            <\/div><div class=\"product-category col\" data-animate=\"fadeInLeft\">\n            <div class=\"col-inner\">\n                              <div class=\"box box-category has-hover box-bounce \">\n                <div class=\"box-image\" >\n                  <div class=\"image-zoom\" >\n                  <img src=\"https:\/\/outlet.ilo-lilo.com\/wp-content\/uploads\/M14_shooting_Ilolilo_invierno22_foto-grupo-filifera-y-punto-verde-tee-2-e1659006989553-247x296.jpg\" alt=\"Outlet\" width=\"300\" height=\"300\" \/>                  <div class=\"overlay\" style=\"background-color: rgba(255, 255, 255, 0)\"><\/div>                                    <\/div>\n                <\/div>\n                <div class=\"box-text text-center\" style=\"background-color:rgba(253, 225, 134, 0);\">\n                  <div class=\"box-text-inner\">\n                      <h5 class=\"uppercase header-title\">\n                              Outlet                      <\/h5>\n                                            <p class=\"is-xsmall uppercase count \">\n\t                      7 Products                      <\/p>\n                                            \n                  <\/div>\n                <\/div>\n                <\/div>\n                        <\/div>\n            <\/div><\/div>\n\t<div id=\"gap-388760155\" class=\"gap-element clearfix\" style=\"display:block; height:auto;\">\n\t\t\n<style>\n#gap-388760155 {\n  padding-top: 30px;\n}\n<\/style>\n\t<\/div>\n\t\n\t<section class=\"section\" id=\"section_2112978718\">\n\t\t<div class=\"bg section-bg fill bg-fill  bg-loaded\" >\n\n\t\t\t\n\t\t\t<div class=\"section-bg-overlay absolute fill\"><\/div>\n\t\t\t\n\n\t\t<\/div>\n\n\t\t\n\n\t\t<div class=\"section-content relative\">\n\t\t\t\n<div class=\"row row-large align-equal\"  id=\"row-712196943\">\n\n\t<div id=\"col-2031437883\" class=\"col medium-7 small-12 large-7\"  >\n\t\t\t\t<div class=\"col-inner text-left\"  >\n\t\t\t\n\t\t\t\n\n  <div class=\"banner has-hover\" id=\"banner-973126146\">\n          <div class=\"banner-inner fill\">\n        <div class=\"banner-bg fill\" >\n            <div class=\"bg fill bg-fill \"><\/div>\n                                    \n                    <\/div>\n\t\t\n        <div class=\"banner-layers container\">\n            <div class=\"fill banner-link\"><\/div>            \n        <\/div>\n      <\/div>\n\n            \n<style>\n#banner-973126146 {\n  padding-top: 61%;\n  background-color: rgb(142, 181, 215);\n}\n#banner-973126146 .bg.bg-loaded {\n  background-image: url(https:\/\/outlet.ilo-lilo.com\/wp-content\/uploads\/ilolilo_shooting_inv21_fotos-grupo-edimburgo-5-688x1030.jpg);\n}\n#banner-973126146 .bg {\n  background-position: 54% 54%;\n}\n<\/style>\n  <\/div>\n\n\n\t\t<\/div>\n\t\t\t\t\t<\/div>\n\n\t\n\n\t<div id=\"col-686515133\" class=\"col medium-5 small-12 large-5\"  >\n\t\t\t\t<div class=\"col-inner text-left\"  >\n\t\t\t\n\t\t\t\n\t<div class=\"img has-hover x md-x lg-x y md-y lg-y\" id=\"image_2067445702\">\n\t\t<a class=\"\" href=\"https:\/\/outlet.ilo-lilo.com\/envio-para-regalo\/\" >\t\t\t\t\t\t<div class=\"img-inner dark\" >\n\t\t\t<img width=\"512\" height=\"486\" src=\"https:\/\/outlet.ilo-lilo.com\/wp-content\/uploads\/BANNER-DE-REGALO-EN.jpg\" class=\"attachment-large size-large\" alt=\"DO YOU WANT TO SEND A SPECIAL GIFT\" loading=\"lazy\" srcset=\"https:\/\/outlet.ilo-lilo.com\/wp-content\/uploads\/BANNER-DE-REGALO-EN.jpg 512w, https:\/\/outlet.ilo-lilo.com\/wp-content\/uploads\/BANNER-DE-REGALO-EN-510x484.jpg 510w, https:\/\/outlet.ilo-lilo.com\/wp-content\/uploads\/BANNER-DE-REGALO-EN-300x285.jpg 300w, https:\/\/outlet.ilo-lilo.com\/wp-content\/uploads\/BANNER-DE-REGALO-EN-450x427.jpg 450w\" sizes=\"(max-width: 512px) 100vw, 512px\" \/>\t\t\t\t\t\t\n\t\t\t\t\t<\/div>\n\t\t\t\t\t\t<\/a>\t\t\n<style>\n#image_2067445702 {\n  width: 84%;\n}\n<\/style>\n\t<\/div>\n\t\n\t\t<\/div>\n\t\t\t\t\t<\/div>\n\n\t\n<\/div>\n\t\t<\/div>\n\n\t\t\n<style>\n#section_2112978718 {\n  padding-top: 60px;\n  padding-bottom: 60px;\n  background-color: rgb(142, 181, 215);\n}\n#section_2112978718 .section-bg-overlay {\n  background-color: rgba(255, 255, 255, 0);\n}\n<\/style>\n\t<\/section>\n\t\n","protected":false},"excerpt":{"rendered":"","protected":false},"author":2,"featured_media":0,"parent":0,"menu_order":0,"comment_status":"closed","ping_status":"closed","template":"page-blank.php","meta":{"_mi_skip_tracking":false,"_exactmetrics_sitenote_active":false,"_exactmetrics_sitenote_note":"","_exactmetrics_sitenote_category":0},"yoast_head":"<!-- This site is optimized with the Yoast SEO plugin v18.8 - https:\/\/yoast.com\/wordpress\/plugins\/seo\/ -->\n<title>IL\u00d3-LlLL\u00d3 - Baby clothes - Children&#039;s fashion from 0 to 6 years old - Made in Spain<\/title>\n<meta name=\"description\" content=\"IL\u00d3-LlLL\u00d3 - Baby clothes - Children&#039;s fashion for babies, boys and girls from 0 to 6 years old. Made in Spain with natural fibers fabrics of the highest quality.\" \/>\n<meta name=\"robots\" content=\"index, follow, max-snippet:-1, max-image-preview:large, max-video-preview:-1\" \/>\n<link rel=\"canonical\" href=\"https:\/\/outlet.ilo-lilo.com\/en\/\" \/>\n<meta property=\"og:locale\" content=\"en_US\" \/>\n<meta property=\"og:type\" content=\"article\" \/>\n<meta property=\"og:title\" content=\"IL\u00d3-LlLL\u00d3 - Baby clothes - Children&#039;s fashion from 0 to 6 years old - Made in Spain\" \/>\n<meta property=\"og:description\" content=\"IL\u00d3-LlL\u00d3 - Ropa de beb\u00e9 - Moda infantil para beb\u00e9s, ni\u00f1os y ni\u00f1as de 0 a 10 a\u00f1os. Hecho en Espa\u00f1a con tejidos de fiebras naturales de m\u00e1xima calidad.\" \/>\n<meta property=\"og:url\" content=\"https:\/\/outlet.ilo-lilo.com\/en\/\" \/>\n<meta property=\"og:site_name\" content=\"Ilo-Lilo\" \/>\n<meta property=\"article:modified_time\" content=\"2022-05-23T10:43:41+00:00\" \/>\n<meta name=\"twitter:card\" content=\"summary\" \/>\n<meta name=\"twitter:label1\" content=\"Est. reading time\" \/>\n\t<meta name=\"twitter:data1\" content=\"2 minutes\" \/>\n<script type=\"application\/ld+json\" class=\"yoast-schema-graph\">{\"@context\":\"https:\/\/schema.org\",\"@graph\":[{\"@type\":\"WebSite\",\"@id\":\"https:\/\/outlet.ilo-lilo.com\/en\/#website\",\"url\":\"https:\/\/outlet.ilo-lilo.com\/en\/\",\"name\":\"Ilo-Lilo\",\"description\":\"Ropa de beb\u00e9 - Moda infantil para beb\u00e9s, ni\u00f1os y ni\u00f1as de 0 a 10 a\u00f1os. Hecho en Espa\u00f1a con tejidos de fibras naturales de m\u00e1xima calidad.\",\"potentialAction\":[{\"@type\":\"SearchAction\",\"target\":{\"@type\":\"EntryPoint\",\"urlTemplate\":\"https:\/\/outlet.ilo-lilo.com\/en\/?s={search_term_string}\"},\"query-input\":\"required name=search_term_string\"}],\"inLanguage\":\"en-US\"},{\"@type\":\"WebPage\",\"@id\":\"https:\/\/outlet.ilo-lilo.com\/en\/#webpage\",\"url\":\"https:\/\/outlet.ilo-lilo.com\/en\/\",\"name\":\"IL\u00d3-LlLL\u00d3 - Baby clothes - Children's fashion from 0 to 6 years old - Made in Spain\",\"isPartOf\":{\"@id\":\"https:\/\/outlet.ilo-lilo.com\/en\/#website\"},\"datePublished\":\"2016-07-11T13:29:53+00:00\",\"dateModified\":\"2022-05-23T10:43:41+00:00\",\"description\":\"IL\u00d3-LlLL\u00d3 - Baby clothes - Children's fashion for babies, boys and girls from 0 to 6 years old. Made in Spain with natural fibers fabrics of the highest quality.\",\"breadcrumb\":{\"@id\":\"https:\/\/outlet.ilo-lilo.com\/en\/#breadcrumb\"},\"inLanguage\":\"en-US\",\"potentialAction\":[{\"@type\":\"ReadAction\",\"target\":[\"https:\/\/outlet.ilo-lilo.com\/en\/\"]}]},{\"@type\":\"BreadcrumbList\",\"@id\":\"https:\/\/outlet.ilo-lilo.com\/en\/#breadcrumb\",\"itemListElement\":[{\"@type\":\"ListItem\",\"position\":1,\"name\":\"Portada\",\"item\":\"https:\/\/outlet.ilo-lilo.com\/en\/\"},{\"@type\":\"ListItem\",\"position\":2,\"name\":\"INICIO\"}]}]}<\/script>\n<!-- \/ Yoast SEO plugin. -->","yoast_head_json":{"title":"IL\u00d3-LlLL\u00d3 - Baby clothes - Children's fashion from 0 to 6 years old - Made in Spain","description":"IL\u00d3-LlLL\u00d3 - Baby clothes - Children's fashion for babies, boys and girls from 0 to 6 years old. Made in Spain with natural fibers fabrics of the highest quality.","robots":{"index":"index","follow":"follow","max-snippet":"max-snippet:-1","max-image-preview":"max-image-preview:large","max-video-preview":"max-video-preview:-1"},"canonical":"https:\/\/outlet.ilo-lilo.com\/en\/","og_locale":"en_US","og_type":"article","og_title":"IL\u00d3-LlLL\u00d3 - Baby clothes - Children's fashion from 0 to 6 years old - Made in Spain","og_description":"IL\u00d3-LlL\u00d3 - Ropa de beb\u00e9 - Moda infantil para beb\u00e9s, ni\u00f1os y ni\u00f1as de 0 a 10 a\u00f1os. Hecho en Espa\u00f1a con tejidos de fiebras naturales de m\u00e1xima calidad.","og_url":"https:\/\/outlet.ilo-lilo.com\/en\/","og_site_name":"Ilo-Lilo","article_modified_time":"2022-05-23T10:43:41+00:00","twitter_card":"summary","twitter_misc":{"Est. reading time":"2 minutes"},"schema":{"@context":"https:\/\/schema.org","@graph":[{"@type":"WebSite","@id":"https:\/\/outlet.ilo-lilo.com\/en\/#website","url":"https:\/\/outlet.ilo-lilo.com\/en\/","name":"Ilo-Lilo","description":"Ropa de beb\u00e9 - Moda infantil para beb\u00e9s, ni\u00f1os y ni\u00f1as de 0 a 10 a\u00f1os. Hecho en Espa\u00f1a con tejidos de fibras naturales de m\u00e1xima calidad.","potentialAction":[{"@type":"SearchAction","target":{"@type":"EntryPoint","urlTemplate":"https:\/\/outlet.ilo-lilo.com\/en\/?s={search_term_string}"},"query-input":"required name=search_term_string"}],"inLanguage":"en-US"},{"@type":"WebPage","@id":"https:\/\/outlet.ilo-lilo.com\/en\/#webpage","url":"https:\/\/outlet.ilo-lilo.com\/en\/","name":"IL\u00d3-LlLL\u00d3 - Baby clothes - Children's fashion from 0 to 6 years old - Made in Spain","isPartOf":{"@id":"https:\/\/outlet.ilo-lilo.com\/en\/#website"},"datePublished":"2016-07-11T13:29:53+00:00","dateModified":"2022-05-23T10:43:41+00:00","description":"IL\u00d3-LlLL\u00d3 - Baby clothes - Children's fashion for babies, boys and girls from 0 to 6 years old. Made in Spain with natural fibers fabrics of the highest quality.","breadcrumb":{"@id":"https:\/\/outlet.ilo-lilo.com\/en\/#breadcrumb"},"inLanguage":"en-US","potentialAction":[{"@type":"ReadAction","target":["https:\/\/outlet.ilo-lilo.com\/en\/"]}]},{"@type":"BreadcrumbList","@id":"https:\/\/outlet.ilo-lilo.com\/en\/#breadcrumb","itemListElement":[{"@type":"ListItem","position":1,"name":"Portada","item":"https:\/\/outlet.ilo-lilo.com\/en\/"},{"@type":"ListItem","position":2,"name":"INICIO"}]}]}},"_links":{"self":[{"href":"https:\/\/outlet.ilo-lilo.com\/en\/wp-json\/wp\/v2\/pages\/11076"}],"collection":[{"href":"https:\/\/outlet.ilo-lilo.com\/en\/wp-json\/wp\/v2\/pages"}],"about":[{"href":"https:\/\/outlet.ilo-lilo.com\/en\/wp-json\/wp\/v2\/types\/page"}],"author":[{"embeddable":true,"href":"https:\/\/outlet.ilo-lilo.com\/en\/wp-json\/wp\/v2\/users\/2"}],"replies":[{"embeddable":true,"href":"https:\/\/outlet.ilo-lilo.com\/en\/wp-json\/wp\/v2\/comments?post=11076"}],"version-history":[{"count":7,"href":"https:\/\/outlet.ilo-lilo.com\/en\/wp-json\/wp\/v2\/pages\/11076\/revisions"}],"predecessor-version":[{"id":18539,"href":"https:\/\/outlet.ilo-lilo.com\/en\/wp-json\/wp\/v2\/pages\/11076\/revisions\/18539"}],"wp:attachment":[{"href":"https:\/\/outlet.ilo-lilo.com\/en\/wp-json\/wp\/v2\/media?parent=11076"}],"curies":[{"name":"wp","href":"https:\/\/api.w.org\/{rel}","templated":true}]}}