{"id":12896,"date":"2021-08-24T16:46:18","date_gmt":"2021-08-24T14:46:18","guid":{"rendered":"https:\/\/ilo-lilo.com\/producto\/garter-stich-baby-romper-terracotta\/"},"modified":"2021-09-21T17:09:10","modified_gmt":"2021-09-21T15:09:10","slug":"terracotta-garter-stich-baby-romper","status":"publish","type":"product","link":"https:\/\/outlet.ilo-lilo.com\/en\/producto\/terracotta-garter-stich-baby-romper\/","title":{"rendered":"Terracotta Garter Stich Baby Romper"},"content":{"rendered":"","protected":false},"excerpt":{"rendered":"<ul>\n<li>Garter stitch baby romper<\/li>\n<li>50% cotton % acrylic.<\/li>\n<\/ul>\n","protected":false},"featured_media":0,"comment_status":"open","ping_status":"closed","template":"","meta":{"_mi_skip_tracking":false,"_exactmetrics_sitenote_active":false,"_exactmetrics_sitenote_note":"","_exactmetrics_sitenote_category":0},"product_cat":[273],"product_tag":[],"woo-feed-brand":[],"yoast_head":"<!-- This site is optimized with the Yoast SEO plugin v18.8 - https:\/\/yoast.com\/wordpress\/plugins\/seo\/ -->\n<title>Terracotta Garter Stich Baby Romper - Ilo-Lilo<\/title>\n<meta name=\"robots\" content=\"index, follow, max-snippet:-1, max-image-preview:large, max-video-preview:-1\" \/>\n<link rel=\"canonical\" href=\"https:\/\/outlet.ilo-lilo.com\/en\/producto\/terracotta-garter-stich-baby-romper\/\" \/>\n<meta property=\"og:locale\" content=\"en_US\" \/>\n<meta property=\"og:type\" content=\"article\" \/>\n<meta property=\"og:title\" content=\"Terracotta Garter Stich Baby Romper - Ilo-Lilo\" \/>\n<meta property=\"og:description\" content=\"Garter stitch baby romper  50% cotton % acrylic.\" \/>\n<meta property=\"og:url\" content=\"https:\/\/outlet.ilo-lilo.com\/en\/producto\/terracotta-garter-stich-baby-romper\/\" \/>\n<meta property=\"og:site_name\" content=\"Ilo-Lilo\" \/>\n<meta property=\"article:modified_time\" content=\"2021-09-21T15:09:10+00:00\" \/>\n<meta name=\"twitter:card\" content=\"summary\" \/>\n<script type=\"application\/ld+json\" class=\"yoast-schema-graph\">{\"@context\":\"https:\/\/schema.org\",\"@graph\":[{\"@type\":\"WebSite\",\"@id\":\"https:\/\/outlet.ilo-lilo.com\/en\/#website\",\"url\":\"https:\/\/outlet.ilo-lilo.com\/en\/\",\"name\":\"Ilo-Lilo\",\"description\":\"Ropa de beb\u00e9 - Moda infantil para beb\u00e9s, ni\u00f1os y ni\u00f1as de 0 a 10 a\u00f1os. Hecho en Espa\u00f1a con tejidos de fibras naturales de m\u00e1xima calidad.\",\"potentialAction\":[{\"@type\":\"SearchAction\",\"target\":{\"@type\":\"EntryPoint\",\"urlTemplate\":\"https:\/\/outlet.ilo-lilo.com\/en\/?s={search_term_string}\"},\"query-input\":\"required name=search_term_string\"}],\"inLanguage\":\"en-US\"},{\"@type\":\"WebPage\",\"@id\":\"https:\/\/outlet.ilo-lilo.com\/en\/producto\/terracotta-garter-stich-baby-romper\/#webpage\",\"url\":\"https:\/\/outlet.ilo-lilo.com\/en\/producto\/terracotta-garter-stich-baby-romper\/\",\"name\":\"Terracotta Garter Stich Baby Romper - Ilo-Lilo\",\"isPartOf\":{\"@id\":\"https:\/\/outlet.ilo-lilo.com\/en\/#website\"},\"datePublished\":\"2021-08-24T14:46:18+00:00\",\"dateModified\":\"2021-09-21T15:09:10+00:00\",\"breadcrumb\":{\"@id\":\"https:\/\/outlet.ilo-lilo.com\/en\/producto\/terracotta-garter-stich-baby-romper\/#breadcrumb\"},\"inLanguage\":\"en-US\",\"potentialAction\":[{\"@type\":\"ReadAction\",\"target\":[\"https:\/\/outlet.ilo-lilo.com\/en\/producto\/terracotta-garter-stich-baby-romper\/\"]}]},{\"@type\":\"BreadcrumbList\",\"@id\":\"https:\/\/outlet.ilo-lilo.com\/en\/producto\/terracotta-garter-stich-baby-romper\/#breadcrumb\",\"itemListElement\":[{\"@type\":\"ListItem\",\"position\":1,\"name\":\"Portada\",\"item\":\"https:\/\/outlet.ilo-lilo.com\/en\/\"},{\"@type\":\"ListItem\",\"position\":2,\"name\":\"TIENDA\",\"item\":\"https:\/\/outlet.ilo-lilo.com\/en\/shop\/\"},{\"@type\":\"ListItem\",\"position\":3,\"name\":\"Terracotta Garter Stich Baby Romper\"}]}]}<\/script>\n<!-- \/ Yoast SEO plugin. -->","yoast_head_json":{"title":"Terracotta Garter Stich Baby Romper - Ilo-Lilo","robots":{"index":"index","follow":"follow","max-snippet":"max-snippet:-1","max-image-preview":"max-image-preview:large","max-video-preview":"max-video-preview:-1"},"canonical":"https:\/\/outlet.ilo-lilo.com\/en\/producto\/terracotta-garter-stich-baby-romper\/","og_locale":"en_US","og_type":"article","og_title":"Terracotta Garter Stich Baby Romper - Ilo-Lilo","og_description":"Garter stitch baby romper  50% cotton % acrylic.","og_url":"https:\/\/outlet.ilo-lilo.com\/en\/producto\/terracotta-garter-stich-baby-romper\/","og_site_name":"Ilo-Lilo","article_modified_time":"2021-09-21T15:09:10+00:00","twitter_card":"summary","schema":{"@context":"https:\/\/schema.org","@graph":[{"@type":"WebSite","@id":"https:\/\/outlet.ilo-lilo.com\/en\/#website","url":"https:\/\/outlet.ilo-lilo.com\/en\/","name":"Ilo-Lilo","description":"Ropa de beb\u00e9 - Moda infantil para beb\u00e9s, ni\u00f1os y ni\u00f1as de 0 a 10 a\u00f1os. Hecho en Espa\u00f1a con tejidos de fibras naturales de m\u00e1xima calidad.","potentialAction":[{"@type":"SearchAction","target":{"@type":"EntryPoint","urlTemplate":"https:\/\/outlet.ilo-lilo.com\/en\/?s={search_term_string}"},"query-input":"required name=search_term_string"}],"inLanguage":"en-US"},{"@type":"WebPage","@id":"https:\/\/outlet.ilo-lilo.com\/en\/producto\/terracotta-garter-stich-baby-romper\/#webpage","url":"https:\/\/outlet.ilo-lilo.com\/en\/producto\/terracotta-garter-stich-baby-romper\/","name":"Terracotta Garter Stich Baby Romper - Ilo-Lilo","isPartOf":{"@id":"https:\/\/outlet.ilo-lilo.com\/en\/#website"},"datePublished":"2021-08-24T14:46:18+00:00","dateModified":"2021-09-21T15:09:10+00:00","breadcrumb":{"@id":"https:\/\/outlet.ilo-lilo.com\/en\/producto\/terracotta-garter-stich-baby-romper\/#breadcrumb"},"inLanguage":"en-US","potentialAction":[{"@type":"ReadAction","target":["https:\/\/outlet.ilo-lilo.com\/en\/producto\/terracotta-garter-stich-baby-romper\/"]}]},{"@type":"BreadcrumbList","@id":"https:\/\/outlet.ilo-lilo.com\/en\/producto\/terracotta-garter-stich-baby-romper\/#breadcrumb","itemListElement":[{"@type":"ListItem","position":1,"name":"Portada","item":"https:\/\/outlet.ilo-lilo.com\/en\/"},{"@type":"ListItem","position":2,"name":"TIENDA","item":"https:\/\/outlet.ilo-lilo.com\/en\/shop\/"},{"@type":"ListItem","position":3,"name":"Terracotta Garter Stich Baby Romper"}]}]}},"_links":{"self":[{"href":"https:\/\/outlet.ilo-lilo.com\/en\/wp-json\/wp\/v2\/product\/12896"}],"collection":[{"href":"https:\/\/outlet.ilo-lilo.com\/en\/wp-json\/wp\/v2\/product"}],"about":[{"href":"https:\/\/outlet.ilo-lilo.com\/en\/wp-json\/wp\/v2\/types\/product"}],"replies":[{"embeddable":true,"href":"https:\/\/outlet.ilo-lilo.com\/en\/wp-json\/wp\/v2\/comments?post=12896"}],"wp:attachment":[{"href":"https:\/\/outlet.ilo-lilo.com\/en\/wp-json\/wp\/v2\/media?parent=12896"}],"wp:term":[{"taxonomy":"product_cat","embeddable":true,"href":"https:\/\/outlet.ilo-lilo.com\/en\/wp-json\/wp\/v2\/product_cat?post=12896"},{"taxonomy":"product_tag","embeddable":true,"href":"https:\/\/outlet.ilo-lilo.com\/en\/wp-json\/wp\/v2\/product_tag?post=12896"},{"taxonomy":"woo-feed-brand","embeddable":true,"href":"https:\/\/outlet.ilo-lilo.com\/en\/wp-json\/wp\/v2\/woo-feed-brand?post=12896"}],"curies":[{"name":"wp","href":"https:\/\/api.w.org\/{rel}","templated":true}]}}