{"id":15861,"date":"2022-02-25T14:03:58","date_gmt":"2022-02-25T12:03:58","guid":{"rendered":"https:\/\/ilo-lilo.com\/?post_type=product&#038;p=15861"},"modified":"2024-06-18T10:21:28","modified_gmt":"2024-06-18T08:21:28","slug":"bermudas-macedonia-pantalon-corto-tejidos-exclusivos","status":"publish","type":"product","link":"https:\/\/outlet.ilo-lilo.com\/en\/producto\/bermudas-macedonia-pantalon-corto-tejidos-exclusivos\/","title":{"rendered":"Bermudas Macedonia"},"content":{"rendered":"<h4>Bermuda Macedonia<\/h4>\n<p>Las Bermudas Macedonia son de algod\u00f3n con un estampado de frutas sobre fondo blanco. Las frutas son de tonos amarillos, verdes, salm\u00f3n, azules y negros. Es una prenda unisex.<\/p>\n<h4><strong>Si os gusta conjuntar a los hermanos, ten\u00e9is varias opciones<\/strong><\/h4>\n<ul>\n<li><strong>Para beb\u00e9 la opci\u00f3n de pelele body.<\/strong><\/li>\n<li><strong>Para chicos tenemos adem\u00e1s la camisa polera macedonia<\/strong><\/li>\n<li><strong>Para nenas o nenes entre 6 y 24 meses existe la opci\u00f3n de la ranita macedonia, as\u00ed como cubre pa\u00f1al macedonia<\/strong><\/li>\n<li><strong>Tambi\u00e9n se puede conjuntar con las chicas con peto volante macedonia<\/strong><\/li>\n<\/ul>\n<p>Os aconsejamos de echar un ojo a la web de <a href=\"https:\/\/www.pisamonas.es\">https:\/\/www.pisamonas.es<\/a> para ver zapatos que van genial con esta prenda.<\/p>\n<p>Las prendas de ilolilo son todas creaciones \u00fanicas, pensadas y elaboradas con mucho amor para los m\u00e1s peque\u00f1os. Todo se realiza en Espana y la materia prima en cien por cien espa\u00f1ola.<\/p>\n<p><strong>Nos\u00a0<\/strong><strong>encanta que los peques vistan como tales pero con un toque diferente, actual y a la moda. Hacemos moda infantil con mucho gusto.<\/strong><\/p>\n<p><strong>Todos los art\u00edculos son dise\u00f1ados por Lola Rebollo, las telas son seleccionadas con mucha atenci\u00f3n, primor y cari\u00f1o para que adem\u00e1s de ser dise\u00f1os bonitos y originales, sean de alta calidad y perfectos para la piel de nuestros beb\u00e9s, ni\u00f1os y ni\u00f1as.\u00a0<\/strong><\/p>\n<p><strong>Los proveedores son espa\u00f1oles, los patrones, el corte y la confecci\u00f3n, todo es espa\u00f1ol.<\/strong><\/p>\n<p><strong>Los nenes y nenas son nuestra prioridad,\u00a0as\u00ed como su confort, su bienestar y el de su piel. Hacemos todo<\/strong><\/p>\n","protected":false},"excerpt":{"rendered":"<ul>\n<li>Las Bermudas Macedonia son de algod\u00f3n estampadas de fruta sobre un fondo blanco. Las frutas son de tonos amarillos, verdes, salm\u00f3n, azules y negros. Es una prenda unisex.<\/li>\n<li>Se cierran en la cintura con un cordoncito.<\/li>\n<li><span style=\"color: #555555;\">Tejido 100% algod\u00f3n.<\/span><\/li>\n<li>Tejido exclusivo il\u00f3-lil\u00f3<\/li>\n<li>Ver condiciones de lavado en etiqueta.<\/li>\n<li>Consultar talla<\/li>\n<\/ul>\n","protected":false},"featured_media":16450,"comment_status":"open","ping_status":"closed","template":"","meta":{"_mi_skip_tracking":false,"_exactmetrics_sitenote_active":false,"_exactmetrics_sitenote_note":"","_exactmetrics_sitenote_category":0},"product_cat":[485,494,43],"product_tag":[],"woo-feed-brand":[],"yoast_head":"<!-- This site is optimized with the Yoast SEO plugin v18.8 - https:\/\/yoast.com\/wordpress\/plugins\/seo\/ -->\n<title>Bermudas macedonia, moda infantil, pantal\u00f3n corto veraniego<\/title>\n<meta name=\"description\" content=\"Bermuda macedonia estampado con frutas sobre fondo blanco, abrochado con cordoncito, prenda unisex y veraniega.\" \/>\n<meta name=\"robots\" content=\"index, follow, max-snippet:-1, max-image-preview:large, max-video-preview:-1\" \/>\n<link rel=\"canonical\" href=\"https:\/\/outlet.ilo-lilo.com\/producto\/bermudas-macedonia-pantalon-corto-tejidos-exclusivos\/\" \/>\n<meta property=\"og:locale\" content=\"en_US\" \/>\n<meta property=\"og:type\" content=\"article\" \/>\n<meta property=\"og:title\" content=\"Bermudas macedonia, moda infantil, pantal\u00f3n corto veraniego\" \/>\n<meta property=\"og:description\" content=\"Bermuda macedonia estampado con frutas sobre fondo blanco, abrochado con cordoncito, prenda unisex y veraniega.\" \/>\n<meta property=\"og:url\" content=\"https:\/\/outlet.ilo-lilo.com\/producto\/bermudas-macedonia-pantalon-corto-tejidos-exclusivos\/\" \/>\n<meta property=\"og:site_name\" content=\"Ilo-Lilo\" \/>\n<meta property=\"article:modified_time\" content=\"2024-06-18T08:21:28+00:00\" \/>\n<meta property=\"og:image\" content=\"https:\/\/outlet.ilo-lilo.com\/wp-content\/uploads\/Shooting_ilo-lilo-verano-conjuntados-denim-con-macedonia-10-e1646819772709.jpg\" \/>\n\t<meta property=\"og:image:width\" content=\"801\" \/>\n\t<meta property=\"og:image:height\" content=\"801\" \/>\n\t<meta property=\"og:image:type\" content=\"image\/jpeg\" \/>\n<meta name=\"twitter:card\" content=\"summary\" \/>\n<meta name=\"twitter:label1\" content=\"Est. reading time\" \/>\n\t<meta name=\"twitter:data1\" content=\"2 minutes\" \/>\n<script type=\"application\/ld+json\" class=\"yoast-schema-graph\">{\"@context\":\"https:\/\/schema.org\",\"@graph\":[{\"@type\":\"WebSite\",\"@id\":\"https:\/\/outlet.ilo-lilo.com\/en\/#website\",\"url\":\"https:\/\/outlet.ilo-lilo.com\/en\/\",\"name\":\"Ilo-Lilo\",\"description\":\"Ropa de beb\u00e9 - Moda infantil para beb\u00e9s, ni\u00f1os y ni\u00f1as de 0 a 10 a\u00f1os. Hecho en Espa\u00f1a con tejidos de fibras naturales de m\u00e1xima calidad.\",\"potentialAction\":[{\"@type\":\"SearchAction\",\"target\":{\"@type\":\"EntryPoint\",\"urlTemplate\":\"https:\/\/outlet.ilo-lilo.com\/en\/?s={search_term_string}\"},\"query-input\":\"required name=search_term_string\"}],\"inLanguage\":\"en-US\"},{\"@type\":\"ImageObject\",\"inLanguage\":\"en-US\",\"@id\":\"https:\/\/outlet.ilo-lilo.com\/producto\/bermudas-macedonia-pantalon-corto-tejidos-exclusivos\/#primaryimage\",\"url\":\"https:\/\/outlet.ilo-lilo.com\/wp-content\/uploads\/Shooting_ilo-lilo-verano-conjuntados-denim-con-macedonia-10-e1646819772709.jpg\",\"contentUrl\":\"https:\/\/outlet.ilo-lilo.com\/wp-content\/uploads\/Shooting_ilo-lilo-verano-conjuntados-denim-con-macedonia-10-e1646819772709.jpg\",\"width\":801,\"height\":801},{\"@type\":\"WebPage\",\"@id\":\"https:\/\/outlet.ilo-lilo.com\/producto\/bermudas-macedonia-pantalon-corto-tejidos-exclusivos\/#webpage\",\"url\":\"https:\/\/outlet.ilo-lilo.com\/producto\/bermudas-macedonia-pantalon-corto-tejidos-exclusivos\/\",\"name\":\"Bermudas macedonia, moda infantil, pantal\u00f3n corto veraniego\",\"isPartOf\":{\"@id\":\"https:\/\/outlet.ilo-lilo.com\/en\/#website\"},\"primaryImageOfPage\":{\"@id\":\"https:\/\/outlet.ilo-lilo.com\/producto\/bermudas-macedonia-pantalon-corto-tejidos-exclusivos\/#primaryimage\"},\"datePublished\":\"2022-02-25T12:03:58+00:00\",\"dateModified\":\"2024-06-18T08:21:28+00:00\",\"description\":\"Bermuda macedonia estampado con frutas sobre fondo blanco, abrochado con cordoncito, prenda unisex y veraniega.\",\"breadcrumb\":{\"@id\":\"https:\/\/outlet.ilo-lilo.com\/producto\/bermudas-macedonia-pantalon-corto-tejidos-exclusivos\/#breadcrumb\"},\"inLanguage\":\"en-US\",\"potentialAction\":[{\"@type\":\"ReadAction\",\"target\":[\"https:\/\/outlet.ilo-lilo.com\/producto\/bermudas-macedonia-pantalon-corto-tejidos-exclusivos\/\"]}]},{\"@type\":\"BreadcrumbList\",\"@id\":\"https:\/\/outlet.ilo-lilo.com\/producto\/bermudas-macedonia-pantalon-corto-tejidos-exclusivos\/#breadcrumb\",\"itemListElement\":[{\"@type\":\"ListItem\",\"position\":1,\"name\":\"Portada\",\"item\":\"https:\/\/outlet.ilo-lilo.com\/en\/\"},{\"@type\":\"ListItem\",\"position\":2,\"name\":\"TIENDA\",\"item\":\"https:\/\/outlet.ilo-lilo.com\/en\/shop\/\"},{\"@type\":\"ListItem\",\"position\":3,\"name\":\"Bermudas Macedonia\"}]}]}<\/script>\n<!-- \/ Yoast SEO plugin. -->","yoast_head_json":{"title":"Bermudas macedonia, moda infantil, pantal\u00f3n corto veraniego","description":"Bermuda macedonia estampado con frutas sobre fondo blanco, abrochado con cordoncito, prenda unisex y veraniega.","robots":{"index":"index","follow":"follow","max-snippet":"max-snippet:-1","max-image-preview":"max-image-preview:large","max-video-preview":"max-video-preview:-1"},"canonical":"https:\/\/outlet.ilo-lilo.com\/producto\/bermudas-macedonia-pantalon-corto-tejidos-exclusivos\/","og_locale":"en_US","og_type":"article","og_title":"Bermudas macedonia, moda infantil, pantal\u00f3n corto veraniego","og_description":"Bermuda macedonia estampado con frutas sobre fondo blanco, abrochado con cordoncito, prenda unisex y veraniega.","og_url":"https:\/\/outlet.ilo-lilo.com\/producto\/bermudas-macedonia-pantalon-corto-tejidos-exclusivos\/","og_site_name":"Ilo-Lilo","article_modified_time":"2024-06-18T08:21:28+00:00","og_image":[{"width":801,"height":801,"url":"https:\/\/outlet.ilo-lilo.com\/wp-content\/uploads\/Shooting_ilo-lilo-verano-conjuntados-denim-con-macedonia-10-e1646819772709.jpg","type":"image\/jpeg"}],"twitter_card":"summary","twitter_misc":{"Est. reading time":"2 minutes"},"schema":{"@context":"https:\/\/schema.org","@graph":[{"@type":"WebSite","@id":"https:\/\/outlet.ilo-lilo.com\/en\/#website","url":"https:\/\/outlet.ilo-lilo.com\/en\/","name":"Ilo-Lilo","description":"Ropa de beb\u00e9 - Moda infantil para beb\u00e9s, ni\u00f1os y ni\u00f1as de 0 a 10 a\u00f1os. Hecho en Espa\u00f1a con tejidos de fibras naturales de m\u00e1xima calidad.","potentialAction":[{"@type":"SearchAction","target":{"@type":"EntryPoint","urlTemplate":"https:\/\/outlet.ilo-lilo.com\/en\/?s={search_term_string}"},"query-input":"required name=search_term_string"}],"inLanguage":"en-US"},{"@type":"ImageObject","inLanguage":"en-US","@id":"https:\/\/outlet.ilo-lilo.com\/producto\/bermudas-macedonia-pantalon-corto-tejidos-exclusivos\/#primaryimage","url":"https:\/\/outlet.ilo-lilo.com\/wp-content\/uploads\/Shooting_ilo-lilo-verano-conjuntados-denim-con-macedonia-10-e1646819772709.jpg","contentUrl":"https:\/\/outlet.ilo-lilo.com\/wp-content\/uploads\/Shooting_ilo-lilo-verano-conjuntados-denim-con-macedonia-10-e1646819772709.jpg","width":801,"height":801},{"@type":"WebPage","@id":"https:\/\/outlet.ilo-lilo.com\/producto\/bermudas-macedonia-pantalon-corto-tejidos-exclusivos\/#webpage","url":"https:\/\/outlet.ilo-lilo.com\/producto\/bermudas-macedonia-pantalon-corto-tejidos-exclusivos\/","name":"Bermudas macedonia, moda infantil, pantal\u00f3n corto veraniego","isPartOf":{"@id":"https:\/\/outlet.ilo-lilo.com\/en\/#website"},"primaryImageOfPage":{"@id":"https:\/\/outlet.ilo-lilo.com\/producto\/bermudas-macedonia-pantalon-corto-tejidos-exclusivos\/#primaryimage"},"datePublished":"2022-02-25T12:03:58+00:00","dateModified":"2024-06-18T08:21:28+00:00","description":"Bermuda macedonia estampado con frutas sobre fondo blanco, abrochado con cordoncito, prenda unisex y veraniega.","breadcrumb":{"@id":"https:\/\/outlet.ilo-lilo.com\/producto\/bermudas-macedonia-pantalon-corto-tejidos-exclusivos\/#breadcrumb"},"inLanguage":"en-US","potentialAction":[{"@type":"ReadAction","target":["https:\/\/outlet.ilo-lilo.com\/producto\/bermudas-macedonia-pantalon-corto-tejidos-exclusivos\/"]}]},{"@type":"BreadcrumbList","@id":"https:\/\/outlet.ilo-lilo.com\/producto\/bermudas-macedonia-pantalon-corto-tejidos-exclusivos\/#breadcrumb","itemListElement":[{"@type":"ListItem","position":1,"name":"Portada","item":"https:\/\/outlet.ilo-lilo.com\/en\/"},{"@type":"ListItem","position":2,"name":"TIENDA","item":"https:\/\/outlet.ilo-lilo.com\/en\/shop\/"},{"@type":"ListItem","position":3,"name":"Bermudas Macedonia"}]}]}},"_links":{"self":[{"href":"https:\/\/outlet.ilo-lilo.com\/en\/wp-json\/wp\/v2\/product\/15861"}],"collection":[{"href":"https:\/\/outlet.ilo-lilo.com\/en\/wp-json\/wp\/v2\/product"}],"about":[{"href":"https:\/\/outlet.ilo-lilo.com\/en\/wp-json\/wp\/v2\/types\/product"}],"replies":[{"embeddable":true,"href":"https:\/\/outlet.ilo-lilo.com\/en\/wp-json\/wp\/v2\/comments?post=15861"}],"wp:featuredmedia":[{"embeddable":true,"href":"https:\/\/outlet.ilo-lilo.com\/en\/wp-json\/wp\/v2\/media\/16450"}],"wp:attachment":[{"href":"https:\/\/outlet.ilo-lilo.com\/en\/wp-json\/wp\/v2\/media?parent=15861"}],"wp:term":[{"taxonomy":"product_cat","embeddable":true,"href":"https:\/\/outlet.ilo-lilo.com\/en\/wp-json\/wp\/v2\/product_cat?post=15861"},{"taxonomy":"product_tag","embeddable":true,"href":"https:\/\/outlet.ilo-lilo.com\/en\/wp-json\/wp\/v2\/product_tag?post=15861"},{"taxonomy":"woo-feed-brand","embeddable":true,"href":"https:\/\/outlet.ilo-lilo.com\/en\/wp-json\/wp\/v2\/woo-feed-brand?post=15861"}],"curies":[{"name":"wp","href":"https:\/\/api.w.org\/{rel}","templated":true}]}}