{"id":16052,"date":"2022-03-04T14:18:28","date_gmt":"2022-03-04T12:18:28","guid":{"rendered":"https:\/\/ilo-lilo.com\/?post_type=product&#038;p=16052"},"modified":"2024-05-23T06:15:49","modified_gmt":"2024-05-23T04:15:49","slug":"polera-macedonia","status":"publish","type":"product","link":"https:\/\/outlet.ilo-lilo.com\/en\/producto\/polera-macedonia\/","title":{"rendered":"Polera Macedonia"},"content":{"rendered":"<p>Polera Macedonia cuello italiano<\/p>\n<h4>La camisa polera Macedonia tiene un estampado exclusivo de il\u00f3-lil\u00f3 de frutas sobre fondo blanco. Tiene un cuello italiano abierto y va abotonada por delante con botones peque\u00f1os blancos. Tiene un bot\u00f3n peque\u00f1o en el pu\u00f1o. Camisa s\u00faper fresquita y favorecedora para los chicos de la casa<\/h4>\n<h4><strong>Esta prenda queda ideal con la bermuda denim, lima o mango.\u00a0<\/strong><\/h4>\n<p><span style=\"color: #000000;\"><strong>Si sois de a los que os gusta conjuntar a los hermanos, no dud\u00e9is en echar un ojo a\u00a0<\/strong><\/span><\/p>\n<ul>\n<li style=\"list-style-type: none;\">\n<ul>\n<li>Pelele Macedonia para los peques entre 0 meses y 2 a\u00f1itos<\/li>\n<li>Ranita Macedonia 6 a 24 meses<\/li>\n<li>Peto volante y el pichi Macedonia para las hermanas mayores<\/li>\n<\/ul>\n<\/li>\n<\/ul>\n<p><strong>Si quieres ver zapatos que combinen bien puede echar\u00a0un ojo en\u00a0<a href=\"https:\/\/www.pisamonas.es\/\">https:\/\/www.pisamonas.es<\/a><\/strong><\/p>\n<h4>Las prendas de ilo lilo son todas creaciones \u00fanicas, pensadas y elaboradas con mucho amor para los\u00a0m\u00e1s\u00a0peque\u00f1os. Todo se realiza en Espa\u00f1a y la materia prima en cien por cien espa\u00f1ola.<\/h4>\n<h4>Nos encanta que los peques vistan como tales pero con un toque diferente, actual y a la moda. Hacemos moda infantil con mucho gusto.<\/h4>\n<h4>Todos los\u00a0art\u00edculos son\u00a0disenados por Lola Rebollo, las telas son seleccionadas con mucha\u00a0atenci\u00f3n, primor y\u00a0cari\u00f1o\u00a0para que\u00a0adem\u00e1s\u00a0de ser\u00a0dise\u00f1os\u00a0bonitos y originales, sean de alta calidad y perfectos para la piel de nuestros beb\u00e9s,\u00a0ni\u00f1os y\u00a0ni\u00f1as.<\/h4>\n<h4>Los proveedores son espa\u00f1oles, los patrones, el corte y la confecci\u00f3n, todo es\u00a0espa\u00f1ol<\/h4>\n<h4>Los nenes y nenas son nuestra prioridad,\u00a0as\u00ed como su confort, su bienestar y el de su piel. Hacemos todo para que los\u00a0ni\u00f1os sean los reyes de la casa.<\/h4>\n","protected":false},"excerpt":{"rendered":"<ul>\n<li>Polera Macedonia con cuello italiano<\/li>\n<li>Se cierra por delante con botones blancos y en pu\u00f1o<\/li>\n<li>Tejido exclusivo de frutas sobre fondo blanco<\/li>\n<li>Tejido 100% algod\u00f3n<\/li>\n<li>\u00a0El logo del pollito va bordado en un lateral.<\/li>\n<li>Consultar etiquetado para su correcto lavado<\/li>\n<li><a href=\"https:\/\/outlet.ilo-lilo.com\/guia-de-tallas\/\">Guia de Tallas<\/a><\/li>\n<\/ul>\n","protected":false},"featured_media":16534,"comment_status":"open","ping_status":"closed","template":"","meta":{"_mi_skip_tracking":false,"_exactmetrics_sitenote_active":false,"_exactmetrics_sitenote_note":"","_exactmetrics_sitenote_category":0},"product_cat":[485,494,43],"product_tag":[],"woo-feed-brand":[],"yoast_head":"<!-- This site is optimized with the Yoast SEO plugin v18.8 - https:\/\/yoast.com\/wordpress\/plugins\/seo\/ -->\n<title>Polera macedonia, camisa ni\u00f1o, camisa veraniega, tejido exclusivo<\/title>\n<meta name=\"description\" content=\"Polera macedonia con cuello italiano abierto y de manga larga, tejido 100% algod\u00f3n y exclusivo para il\u00f3-lil\u00f3.\" \/>\n<meta name=\"robots\" content=\"index, follow, max-snippet:-1, max-image-preview:large, max-video-preview:-1\" \/>\n<link rel=\"canonical\" href=\"https:\/\/outlet.ilo-lilo.com\/producto\/polera-macedonia\/\" \/>\n<meta property=\"og:locale\" content=\"en_US\" \/>\n<meta property=\"og:type\" content=\"article\" \/>\n<meta property=\"og:title\" content=\"Polera macedonia, camisa ni\u00f1o, camisa veraniega, tejido exclusivo\" \/>\n<meta property=\"og:description\" content=\"Polera macedonia con cuello italiano abierto y de manga larga, tejido 100% algod\u00f3n y exclusivo para il\u00f3-lil\u00f3.\" \/>\n<meta property=\"og:url\" content=\"https:\/\/outlet.ilo-lilo.com\/producto\/polera-macedonia\/\" \/>\n<meta property=\"og:site_name\" content=\"Ilo-Lilo\" \/>\n<meta property=\"article:modified_time\" content=\"2024-05-23T04:15:49+00:00\" \/>\n<meta property=\"og:image\" content=\"https:\/\/outlet.ilo-lilo.com\/wp-content\/uploads\/Shooting_ilo-lilo-verano-cubana-macedonia-con-bermuda-denim-3-e1646823677488.jpg\" \/>\n\t<meta property=\"og:image:width\" content=\"801\" \/>\n\t<meta property=\"og:image:height\" content=\"801\" \/>\n\t<meta property=\"og:image:type\" content=\"image\/jpeg\" \/>\n<meta name=\"twitter:card\" content=\"summary\" \/>\n<meta name=\"twitter:label1\" content=\"Est. reading time\" \/>\n\t<meta name=\"twitter:data1\" content=\"2 minutes\" \/>\n<script type=\"application\/ld+json\" class=\"yoast-schema-graph\">{\"@context\":\"https:\/\/schema.org\",\"@graph\":[{\"@type\":\"WebSite\",\"@id\":\"https:\/\/outlet.ilo-lilo.com\/en\/#website\",\"url\":\"https:\/\/outlet.ilo-lilo.com\/en\/\",\"name\":\"Ilo-Lilo\",\"description\":\"Ropa de beb\u00e9 - Moda infantil para beb\u00e9s, ni\u00f1os y ni\u00f1as de 0 a 10 a\u00f1os. Hecho en Espa\u00f1a con tejidos de fibras naturales de m\u00e1xima calidad.\",\"potentialAction\":[{\"@type\":\"SearchAction\",\"target\":{\"@type\":\"EntryPoint\",\"urlTemplate\":\"https:\/\/outlet.ilo-lilo.com\/en\/?s={search_term_string}\"},\"query-input\":\"required name=search_term_string\"}],\"inLanguage\":\"en-US\"},{\"@type\":\"ImageObject\",\"inLanguage\":\"en-US\",\"@id\":\"https:\/\/outlet.ilo-lilo.com\/producto\/polera-macedonia\/#primaryimage\",\"url\":\"https:\/\/outlet.ilo-lilo.com\/wp-content\/uploads\/Shooting_ilo-lilo-verano-cubana-macedonia-con-bermuda-denim-3-e1646823677488.jpg\",\"contentUrl\":\"https:\/\/outlet.ilo-lilo.com\/wp-content\/uploads\/Shooting_ilo-lilo-verano-cubana-macedonia-con-bermuda-denim-3-e1646823677488.jpg\",\"width\":801,\"height\":801},{\"@type\":\"WebPage\",\"@id\":\"https:\/\/outlet.ilo-lilo.com\/producto\/polera-macedonia\/#webpage\",\"url\":\"https:\/\/outlet.ilo-lilo.com\/producto\/polera-macedonia\/\",\"name\":\"Polera macedonia, camisa ni\u00f1o, camisa veraniega, tejido exclusivo\",\"isPartOf\":{\"@id\":\"https:\/\/outlet.ilo-lilo.com\/en\/#website\"},\"primaryImageOfPage\":{\"@id\":\"https:\/\/outlet.ilo-lilo.com\/producto\/polera-macedonia\/#primaryimage\"},\"datePublished\":\"2022-03-04T12:18:28+00:00\",\"dateModified\":\"2024-05-23T04:15:49+00:00\",\"description\":\"Polera macedonia con cuello italiano abierto y de manga larga, tejido 100% algod\u00f3n y exclusivo para il\u00f3-lil\u00f3.\",\"breadcrumb\":{\"@id\":\"https:\/\/outlet.ilo-lilo.com\/producto\/polera-macedonia\/#breadcrumb\"},\"inLanguage\":\"en-US\",\"potentialAction\":[{\"@type\":\"ReadAction\",\"target\":[\"https:\/\/outlet.ilo-lilo.com\/producto\/polera-macedonia\/\"]}]},{\"@type\":\"BreadcrumbList\",\"@id\":\"https:\/\/outlet.ilo-lilo.com\/producto\/polera-macedonia\/#breadcrumb\",\"itemListElement\":[{\"@type\":\"ListItem\",\"position\":1,\"name\":\"Portada\",\"item\":\"https:\/\/outlet.ilo-lilo.com\/en\/\"},{\"@type\":\"ListItem\",\"position\":2,\"name\":\"TIENDA\",\"item\":\"https:\/\/outlet.ilo-lilo.com\/en\/shop\/\"},{\"@type\":\"ListItem\",\"position\":3,\"name\":\"Polera Macedonia\"}]}]}<\/script>\n<!-- \/ Yoast SEO plugin. -->","yoast_head_json":{"title":"Polera macedonia, camisa ni\u00f1o, camisa veraniega, tejido exclusivo","description":"Polera macedonia con cuello italiano abierto y de manga larga, tejido 100% algod\u00f3n y exclusivo para il\u00f3-lil\u00f3.","robots":{"index":"index","follow":"follow","max-snippet":"max-snippet:-1","max-image-preview":"max-image-preview:large","max-video-preview":"max-video-preview:-1"},"canonical":"https:\/\/outlet.ilo-lilo.com\/producto\/polera-macedonia\/","og_locale":"en_US","og_type":"article","og_title":"Polera macedonia, camisa ni\u00f1o, camisa veraniega, tejido exclusivo","og_description":"Polera macedonia con cuello italiano abierto y de manga larga, tejido 100% algod\u00f3n y exclusivo para il\u00f3-lil\u00f3.","og_url":"https:\/\/outlet.ilo-lilo.com\/producto\/polera-macedonia\/","og_site_name":"Ilo-Lilo","article_modified_time":"2024-05-23T04:15:49+00:00","og_image":[{"width":801,"height":801,"url":"https:\/\/outlet.ilo-lilo.com\/wp-content\/uploads\/Shooting_ilo-lilo-verano-cubana-macedonia-con-bermuda-denim-3-e1646823677488.jpg","type":"image\/jpeg"}],"twitter_card":"summary","twitter_misc":{"Est. reading time":"2 minutes"},"schema":{"@context":"https:\/\/schema.org","@graph":[{"@type":"WebSite","@id":"https:\/\/outlet.ilo-lilo.com\/en\/#website","url":"https:\/\/outlet.ilo-lilo.com\/en\/","name":"Ilo-Lilo","description":"Ropa de beb\u00e9 - Moda infantil para beb\u00e9s, ni\u00f1os y ni\u00f1as de 0 a 10 a\u00f1os. Hecho en Espa\u00f1a con tejidos de fibras naturales de m\u00e1xima calidad.","potentialAction":[{"@type":"SearchAction","target":{"@type":"EntryPoint","urlTemplate":"https:\/\/outlet.ilo-lilo.com\/en\/?s={search_term_string}"},"query-input":"required name=search_term_string"}],"inLanguage":"en-US"},{"@type":"ImageObject","inLanguage":"en-US","@id":"https:\/\/outlet.ilo-lilo.com\/producto\/polera-macedonia\/#primaryimage","url":"https:\/\/outlet.ilo-lilo.com\/wp-content\/uploads\/Shooting_ilo-lilo-verano-cubana-macedonia-con-bermuda-denim-3-e1646823677488.jpg","contentUrl":"https:\/\/outlet.ilo-lilo.com\/wp-content\/uploads\/Shooting_ilo-lilo-verano-cubana-macedonia-con-bermuda-denim-3-e1646823677488.jpg","width":801,"height":801},{"@type":"WebPage","@id":"https:\/\/outlet.ilo-lilo.com\/producto\/polera-macedonia\/#webpage","url":"https:\/\/outlet.ilo-lilo.com\/producto\/polera-macedonia\/","name":"Polera macedonia, camisa ni\u00f1o, camisa veraniega, tejido exclusivo","isPartOf":{"@id":"https:\/\/outlet.ilo-lilo.com\/en\/#website"},"primaryImageOfPage":{"@id":"https:\/\/outlet.ilo-lilo.com\/producto\/polera-macedonia\/#primaryimage"},"datePublished":"2022-03-04T12:18:28+00:00","dateModified":"2024-05-23T04:15:49+00:00","description":"Polera macedonia con cuello italiano abierto y de manga larga, tejido 100% algod\u00f3n y exclusivo para il\u00f3-lil\u00f3.","breadcrumb":{"@id":"https:\/\/outlet.ilo-lilo.com\/producto\/polera-macedonia\/#breadcrumb"},"inLanguage":"en-US","potentialAction":[{"@type":"ReadAction","target":["https:\/\/outlet.ilo-lilo.com\/producto\/polera-macedonia\/"]}]},{"@type":"BreadcrumbList","@id":"https:\/\/outlet.ilo-lilo.com\/producto\/polera-macedonia\/#breadcrumb","itemListElement":[{"@type":"ListItem","position":1,"name":"Portada","item":"https:\/\/outlet.ilo-lilo.com\/en\/"},{"@type":"ListItem","position":2,"name":"TIENDA","item":"https:\/\/outlet.ilo-lilo.com\/en\/shop\/"},{"@type":"ListItem","position":3,"name":"Polera Macedonia"}]}]}},"_links":{"self":[{"href":"https:\/\/outlet.ilo-lilo.com\/en\/wp-json\/wp\/v2\/product\/16052"}],"collection":[{"href":"https:\/\/outlet.ilo-lilo.com\/en\/wp-json\/wp\/v2\/product"}],"about":[{"href":"https:\/\/outlet.ilo-lilo.com\/en\/wp-json\/wp\/v2\/types\/product"}],"replies":[{"embeddable":true,"href":"https:\/\/outlet.ilo-lilo.com\/en\/wp-json\/wp\/v2\/comments?post=16052"}],"wp:featuredmedia":[{"embeddable":true,"href":"https:\/\/outlet.ilo-lilo.com\/en\/wp-json\/wp\/v2\/media\/16534"}],"wp:attachment":[{"href":"https:\/\/outlet.ilo-lilo.com\/en\/wp-json\/wp\/v2\/media?parent=16052"}],"wp:term":[{"taxonomy":"product_cat","embeddable":true,"href":"https:\/\/outlet.ilo-lilo.com\/en\/wp-json\/wp\/v2\/product_cat?post=16052"},{"taxonomy":"product_tag","embeddable":true,"href":"https:\/\/outlet.ilo-lilo.com\/en\/wp-json\/wp\/v2\/product_tag?post=16052"},{"taxonomy":"woo-feed-brand","embeddable":true,"href":"https:\/\/outlet.ilo-lilo.com\/en\/wp-json\/wp\/v2\/woo-feed-brand?post=16052"}],"curies":[{"name":"wp","href":"https:\/\/api.w.org\/{rel}","templated":true}]}}