{"id":16099,"date":"2022-03-07T12:07:29","date_gmt":"2022-03-07T10:07:29","guid":{"rendered":"https:\/\/ilo-lilo.com\/?post_type=product&#038;p=16099"},"modified":"2024-07-01T10:04:26","modified_gmt":"2024-07-01T08:04:26","slug":"pololo-macedonia","status":"publish","type":"product","link":"https:\/\/outlet.ilo-lilo.com\/en\/producto\/pololo-macedonia\/","title":{"rendered":"Pololo Macedonia"},"content":{"rendered":"<p>Pololo Macedonia<\/p>\n<section>\n<div class=\"SnippetPreview__MobileContainer-jipmEz czdIQr\">\n<div class=\"SnippetPreview__MobilePartContainer-bmNDQP oCEjm\">\n<div class=\"SnippetPreview__MobileDescription-iHXWQq iJbTTk SnippetPreview__DesktopDescription-cqTIVA cvdftU\">\n<h4 class=\"SnippetPreview__MobileDescription-iHXWQq iJbTTk SnippetPreview__DesktopDescription-cqTIVA cvdftU\">Pololo Macedonia es de un tejido 100% algod\u00f3n y dise\u00f1ado en exclusiva para il\u00f3 lil\u00f3. Su estampado es de frutas en tonos amarillos, verdes, salm\u00f3n y negros sobre fondo blanco.<\/h4>\n<h4 class=\"SnippetPreview__MobileDescription-iHXWQq iJbTTk SnippetPreview__DesktopDescription-cqTIVA cvdftU\">Lleva el\u00e1stico en la cintura y en las piernas para adaptarse correctamente, es un el\u00e1stico muy finito que recoge muy bien pero no aprieta.<\/h4>\n<ul>\n<li class=\"SnippetPreview__MobileDescription-iHXWQq iJbTTk SnippetPreview__DesktopDescription-cqTIVA cvdftU\">El pololo combina con las capotas de punto de todas nuestras tonalidades<\/li>\n<li>Camisas Lima y Mango<\/li>\n<\/ul>\n<\/div>\n<\/div>\n<\/div>\n<\/section>\n<p>Si sois de a los que os gusta conjuntar a los hermanos, no dud\u00e9is en echar un ojo a:<\/p>\n<ul>\n<li>Peleles y ranitas para los m\u00e1s peque\u00f1os de la casa que tallan desde 0 meses hasta 2 a\u00f1os<\/li>\n<li>Nuestra braga falda tan ideal y favorecedora para las hermanas<\/li>\n<li>As\u00ed como su peto volante o pichi para las hermanas<\/li>\n<li>Bermudas para los chicos<\/li>\n<li>Poleras para los hermanitos y camisas para ellas<\/li>\n<\/ul>\n<h4><strong>Si buscas zapatos para este look, te recomendamos que eches un ojo en\u00a0<a href=\"https:\/\/www.pisamonas.es\/\">https:\/\/www.pisamonas.es<\/a><\/strong><\/h4>\n<h4>Las prendas de ilo lilo son todas creaciones \u00fanicas, pensadas y elaboradas con mucho amor para los\u00a0m\u00e1s\u00a0peque\u00f1os. Todo se realiza en Espa\u00f1a y la materia prima en cien por cien espa\u00f1ola.<\/h4>\n<h4>Nos encanta que los peques vistan como tales pero con un toque diferente, actual y a la moda. Hacemos moda infantil con mucho gusto.<\/h4>\n<h4>Todos los art\u00edculos son dise\u00f1ados por Lola Rebollo, las telas son seleccionadas con mucha atenci\u00f3n, primor y cari\u00f1o para que adem\u00e1s de ser dise\u00f1os bonitos y originales, sean de alta calidad y perfectos para la piel de nuestros beb\u00e9s, ni\u00f1os y ni\u00f1as.<\/h4>\n<h4>Los proveedores son espa\u00f1oles, los patrones, el corte y la confecci\u00f3n, todo es\u00a0espa\u00f1ol<\/h4>\n<h4>Los nenes y nenas son nuestra prioridad,\u00a0as\u00ed como su confort, su bienestar y el de su piel. Hacemos todo para que los\u00a0ni\u00f1os sean los reyes de la casa.<\/h4>\n","protected":false},"excerpt":{"rendered":"<ul>\n<li><\/li>\n<li>Pololo Macedonia estampado de frutas en tonos amarillos, verdes, salm\u00f3n y negros sobre fondo blanco<\/li>\n<li>Tiene un tejido 100% algod\u00f3n y forrado para mayor comodidad de nuestros peques<\/li>\n<li>Es un estampado exclusivo de il\u00f3-lil\u00f3<\/li>\n<li>Se ajusta perfectamente a nuestros peque\u00f1os con un el\u00e1stico en cintura y piernas que no aprieta para su comodidad<\/li>\n<li>Combina con Camisas Lima y Mango<\/li>\n<li>Si os gusta combinar con los hermanos existen varias opciones como pichi o peto volante para las hermanas, bermudas para los hermanos, o camisas poleras para ellos y camisas para ellas. As\u00ed como nuestros peleles y ranitas de bebes<\/li>\n<\/ul>\n","protected":false},"featured_media":15587,"comment_status":"open","ping_status":"closed","template":"","meta":{"_mi_skip_tracking":false,"_exactmetrics_sitenote_active":false,"_exactmetrics_sitenote_note":"","_exactmetrics_sitenote_category":0},"product_cat":[485,491,494,497,43],"product_tag":[],"woo-feed-brand":[],"yoast_head":"<!-- This site is optimized with the Yoast SEO plugin v18.8 - https:\/\/yoast.com\/wordpress\/plugins\/seo\/ -->\n<title>Pololo Macedonia, cubrepa\u00f1al cortito, estampado exclusivo il\u00f3-lil\u00f3<\/title>\n<meta name=\"description\" content=\"Pololo macedonia con estampado de frutas sobre fondo blanco, tejido forrado y 100% algod\u00f3n con estampado exclusivo il\u00f3-lil\u00f3\" \/>\n<meta name=\"robots\" content=\"index, follow, max-snippet:-1, max-image-preview:large, max-video-preview:-1\" \/>\n<link rel=\"canonical\" href=\"https:\/\/outlet.ilo-lilo.com\/producto\/pololo-macedonia\/\" \/>\n<meta property=\"og:locale\" content=\"en_US\" \/>\n<meta property=\"og:type\" content=\"article\" \/>\n<meta property=\"og:title\" content=\"Pololo Macedonia, cubrepa\u00f1al cortito, estampado exclusivo il\u00f3-lil\u00f3\" \/>\n<meta property=\"og:description\" content=\"Pololo macedonia con estampado de frutas sobre fondo blanco, tejido forrado y 100% algod\u00f3n con estampado exclusivo il\u00f3-lil\u00f3\" \/>\n<meta property=\"og:url\" content=\"https:\/\/outlet.ilo-lilo.com\/producto\/pololo-macedonia\/\" \/>\n<meta property=\"og:site_name\" content=\"Ilo-Lilo\" \/>\n<meta property=\"article:modified_time\" content=\"2024-07-01T08:04:26+00:00\" \/>\n<meta property=\"og:image\" content=\"https:\/\/outlet.ilo-lilo.com\/wp-content\/uploads\/prendas_ilolilo_verano22_176-e1646653555467.jpg\" \/>\n\t<meta property=\"og:image:width\" content=\"801\" \/>\n\t<meta property=\"og:image:height\" content=\"801\" \/>\n\t<meta property=\"og:image:type\" content=\"image\/jpeg\" \/>\n<meta name=\"twitter:card\" content=\"summary\" \/>\n<meta name=\"twitter:label1\" content=\"Est. reading time\" \/>\n\t<meta name=\"twitter:data1\" content=\"2 minutes\" \/>\n<script type=\"application\/ld+json\" class=\"yoast-schema-graph\">{\"@context\":\"https:\/\/schema.org\",\"@graph\":[{\"@type\":\"WebSite\",\"@id\":\"https:\/\/outlet.ilo-lilo.com\/en\/#website\",\"url\":\"https:\/\/outlet.ilo-lilo.com\/en\/\",\"name\":\"Ilo-Lilo\",\"description\":\"Ropa de beb\u00e9 - Moda infantil para beb\u00e9s, ni\u00f1os y ni\u00f1as de 0 a 10 a\u00f1os. Hecho en Espa\u00f1a con tejidos de fibras naturales de m\u00e1xima calidad.\",\"potentialAction\":[{\"@type\":\"SearchAction\",\"target\":{\"@type\":\"EntryPoint\",\"urlTemplate\":\"https:\/\/outlet.ilo-lilo.com\/en\/?s={search_term_string}\"},\"query-input\":\"required name=search_term_string\"}],\"inLanguage\":\"en-US\"},{\"@type\":\"ImageObject\",\"inLanguage\":\"en-US\",\"@id\":\"https:\/\/outlet.ilo-lilo.com\/producto\/pololo-macedonia\/#primaryimage\",\"url\":\"https:\/\/outlet.ilo-lilo.com\/wp-content\/uploads\/prendas_ilolilo_verano22_176-e1646653555467.jpg\",\"contentUrl\":\"https:\/\/outlet.ilo-lilo.com\/wp-content\/uploads\/prendas_ilolilo_verano22_176-e1646653555467.jpg\",\"width\":801,\"height\":801},{\"@type\":\"WebPage\",\"@id\":\"https:\/\/outlet.ilo-lilo.com\/producto\/pololo-macedonia\/#webpage\",\"url\":\"https:\/\/outlet.ilo-lilo.com\/producto\/pololo-macedonia\/\",\"name\":\"Pololo Macedonia, cubrepa\u00f1al cortito, estampado exclusivo il\u00f3-lil\u00f3\",\"isPartOf\":{\"@id\":\"https:\/\/outlet.ilo-lilo.com\/en\/#website\"},\"primaryImageOfPage\":{\"@id\":\"https:\/\/outlet.ilo-lilo.com\/producto\/pololo-macedonia\/#primaryimage\"},\"datePublished\":\"2022-03-07T10:07:29+00:00\",\"dateModified\":\"2024-07-01T08:04:26+00:00\",\"description\":\"Pololo macedonia con estampado de frutas sobre fondo blanco, tejido forrado y 100% algod\u00f3n con estampado exclusivo il\u00f3-lil\u00f3\",\"breadcrumb\":{\"@id\":\"https:\/\/outlet.ilo-lilo.com\/producto\/pololo-macedonia\/#breadcrumb\"},\"inLanguage\":\"en-US\",\"potentialAction\":[{\"@type\":\"ReadAction\",\"target\":[\"https:\/\/outlet.ilo-lilo.com\/producto\/pololo-macedonia\/\"]}]},{\"@type\":\"BreadcrumbList\",\"@id\":\"https:\/\/outlet.ilo-lilo.com\/producto\/pololo-macedonia\/#breadcrumb\",\"itemListElement\":[{\"@type\":\"ListItem\",\"position\":1,\"name\":\"Portada\",\"item\":\"https:\/\/outlet.ilo-lilo.com\/en\/\"},{\"@type\":\"ListItem\",\"position\":2,\"name\":\"TIENDA\",\"item\":\"https:\/\/outlet.ilo-lilo.com\/en\/shop\/\"},{\"@type\":\"ListItem\",\"position\":3,\"name\":\"Pololo Macedonia\"}]}]}<\/script>\n<!-- \/ Yoast SEO plugin. -->","yoast_head_json":{"title":"Pololo Macedonia, cubrepa\u00f1al cortito, estampado exclusivo il\u00f3-lil\u00f3","description":"Pololo macedonia con estampado de frutas sobre fondo blanco, tejido forrado y 100% algod\u00f3n con estampado exclusivo il\u00f3-lil\u00f3","robots":{"index":"index","follow":"follow","max-snippet":"max-snippet:-1","max-image-preview":"max-image-preview:large","max-video-preview":"max-video-preview:-1"},"canonical":"https:\/\/outlet.ilo-lilo.com\/producto\/pololo-macedonia\/","og_locale":"en_US","og_type":"article","og_title":"Pololo Macedonia, cubrepa\u00f1al cortito, estampado exclusivo il\u00f3-lil\u00f3","og_description":"Pololo macedonia con estampado de frutas sobre fondo blanco, tejido forrado y 100% algod\u00f3n con estampado exclusivo il\u00f3-lil\u00f3","og_url":"https:\/\/outlet.ilo-lilo.com\/producto\/pololo-macedonia\/","og_site_name":"Ilo-Lilo","article_modified_time":"2024-07-01T08:04:26+00:00","og_image":[{"width":801,"height":801,"url":"https:\/\/outlet.ilo-lilo.com\/wp-content\/uploads\/prendas_ilolilo_verano22_176-e1646653555467.jpg","type":"image\/jpeg"}],"twitter_card":"summary","twitter_misc":{"Est. reading time":"2 minutes"},"schema":{"@context":"https:\/\/schema.org","@graph":[{"@type":"WebSite","@id":"https:\/\/outlet.ilo-lilo.com\/en\/#website","url":"https:\/\/outlet.ilo-lilo.com\/en\/","name":"Ilo-Lilo","description":"Ropa de beb\u00e9 - Moda infantil para beb\u00e9s, ni\u00f1os y ni\u00f1as de 0 a 10 a\u00f1os. Hecho en Espa\u00f1a con tejidos de fibras naturales de m\u00e1xima calidad.","potentialAction":[{"@type":"SearchAction","target":{"@type":"EntryPoint","urlTemplate":"https:\/\/outlet.ilo-lilo.com\/en\/?s={search_term_string}"},"query-input":"required name=search_term_string"}],"inLanguage":"en-US"},{"@type":"ImageObject","inLanguage":"en-US","@id":"https:\/\/outlet.ilo-lilo.com\/producto\/pololo-macedonia\/#primaryimage","url":"https:\/\/outlet.ilo-lilo.com\/wp-content\/uploads\/prendas_ilolilo_verano22_176-e1646653555467.jpg","contentUrl":"https:\/\/outlet.ilo-lilo.com\/wp-content\/uploads\/prendas_ilolilo_verano22_176-e1646653555467.jpg","width":801,"height":801},{"@type":"WebPage","@id":"https:\/\/outlet.ilo-lilo.com\/producto\/pololo-macedonia\/#webpage","url":"https:\/\/outlet.ilo-lilo.com\/producto\/pololo-macedonia\/","name":"Pololo Macedonia, cubrepa\u00f1al cortito, estampado exclusivo il\u00f3-lil\u00f3","isPartOf":{"@id":"https:\/\/outlet.ilo-lilo.com\/en\/#website"},"primaryImageOfPage":{"@id":"https:\/\/outlet.ilo-lilo.com\/producto\/pololo-macedonia\/#primaryimage"},"datePublished":"2022-03-07T10:07:29+00:00","dateModified":"2024-07-01T08:04:26+00:00","description":"Pololo macedonia con estampado de frutas sobre fondo blanco, tejido forrado y 100% algod\u00f3n con estampado exclusivo il\u00f3-lil\u00f3","breadcrumb":{"@id":"https:\/\/outlet.ilo-lilo.com\/producto\/pololo-macedonia\/#breadcrumb"},"inLanguage":"en-US","potentialAction":[{"@type":"ReadAction","target":["https:\/\/outlet.ilo-lilo.com\/producto\/pololo-macedonia\/"]}]},{"@type":"BreadcrumbList","@id":"https:\/\/outlet.ilo-lilo.com\/producto\/pololo-macedonia\/#breadcrumb","itemListElement":[{"@type":"ListItem","position":1,"name":"Portada","item":"https:\/\/outlet.ilo-lilo.com\/en\/"},{"@type":"ListItem","position":2,"name":"TIENDA","item":"https:\/\/outlet.ilo-lilo.com\/en\/shop\/"},{"@type":"ListItem","position":3,"name":"Pololo Macedonia"}]}]}},"_links":{"self":[{"href":"https:\/\/outlet.ilo-lilo.com\/en\/wp-json\/wp\/v2\/product\/16099"}],"collection":[{"href":"https:\/\/outlet.ilo-lilo.com\/en\/wp-json\/wp\/v2\/product"}],"about":[{"href":"https:\/\/outlet.ilo-lilo.com\/en\/wp-json\/wp\/v2\/types\/product"}],"replies":[{"embeddable":true,"href":"https:\/\/outlet.ilo-lilo.com\/en\/wp-json\/wp\/v2\/comments?post=16099"}],"wp:featuredmedia":[{"embeddable":true,"href":"https:\/\/outlet.ilo-lilo.com\/en\/wp-json\/wp\/v2\/media\/15587"}],"wp:attachment":[{"href":"https:\/\/outlet.ilo-lilo.com\/en\/wp-json\/wp\/v2\/media?parent=16099"}],"wp:term":[{"taxonomy":"product_cat","embeddable":true,"href":"https:\/\/outlet.ilo-lilo.com\/en\/wp-json\/wp\/v2\/product_cat?post=16099"},{"taxonomy":"product_tag","embeddable":true,"href":"https:\/\/outlet.ilo-lilo.com\/en\/wp-json\/wp\/v2\/product_tag?post=16099"},{"taxonomy":"woo-feed-brand","embeddable":true,"href":"https:\/\/outlet.ilo-lilo.com\/en\/wp-json\/wp\/v2\/woo-feed-brand?post=16099"}],"curies":[{"name":"wp","href":"https:\/\/api.w.org\/{rel}","templated":true}]}}