{"id":13056,"date":"2021-09-24T19:08:38","date_gmt":"2021-09-24T17:08:38","guid":{"rendered":"https:\/\/ilo-lilo.com\/?page_id=13056"},"modified":"2021-09-24T19:10:29","modified_gmt":"2021-09-24T17:10:29","slug":"mon-compte","status":"publish","type":"page","link":"https:\/\/outlet.ilo-lilo.com\/fr\/mon-compte\/","title":{"rendered":"Mon compte"},"content":{"rendered":"<div class=\"woocommerce\"><\/div>\n","protected":false},"excerpt":{"rendered":"","protected":false},"author":10656,"featured_media":0,"parent":0,"menu_order":0,"comment_status":"closed","ping_status":"closed","template":"","meta":{"_mi_skip_tracking":false,"_exactmetrics_sitenote_active":false,"_exactmetrics_sitenote_note":"","_exactmetrics_sitenote_category":0},"yoast_head":"<!-- This site is optimized with the Yoast SEO plugin v18.8 - https:\/\/yoast.com\/wordpress\/plugins\/seo\/ -->\n<title>Mon compte - Ilo-Lilo<\/title>\n<meta name=\"robots\" content=\"index, follow, max-snippet:-1, max-image-preview:large, max-video-preview:-1\" \/>\n<link rel=\"canonical\" href=\"https:\/\/outlet.ilo-lilo.com\/fr\/mon-compte\/\" \/>\n<meta property=\"og:locale\" content=\"fr_FR\" \/>\n<meta property=\"og:type\" content=\"article\" \/>\n<meta property=\"og:title\" content=\"Mon compte - Ilo-Lilo\" \/>\n<meta property=\"og:url\" content=\"https:\/\/outlet.ilo-lilo.com\/fr\/mon-compte\/\" \/>\n<meta property=\"og:site_name\" content=\"Ilo-Lilo\" \/>\n<meta property=\"article:modified_time\" content=\"2021-09-24T17:10:29+00:00\" \/>\n<meta name=\"twitter:card\" content=\"summary\" \/>\n<meta name=\"twitter:label1\" content=\"Dur\u00e9e de lecture estim\u00e9e\" \/>\n\t<meta name=\"twitter:data1\" content=\"1 minute\" \/>\n<script type=\"application\/ld+json\" class=\"yoast-schema-graph\">{\"@context\":\"https:\/\/schema.org\",\"@graph\":[{\"@type\":\"WebSite\",\"@id\":\"https:\/\/outlet.ilo-lilo.com\/en\/#website\",\"url\":\"https:\/\/outlet.ilo-lilo.com\/en\/\",\"name\":\"Ilo-Lilo\",\"description\":\"Ropa de beb\u00e9 - Moda infantil para beb\u00e9s, ni\u00f1os y ni\u00f1as de 0 a 10 a\u00f1os. Hecho en Espa\u00f1a con tejidos de fibras naturales de m\u00e1xima calidad.\",\"potentialAction\":[{\"@type\":\"SearchAction\",\"target\":{\"@type\":\"EntryPoint\",\"urlTemplate\":\"https:\/\/outlet.ilo-lilo.com\/en\/?s={search_term_string}\"},\"query-input\":\"required name=search_term_string\"}],\"inLanguage\":\"fr-FR\"},{\"@type\":\"WebPage\",\"@id\":\"https:\/\/outlet.ilo-lilo.com\/fr\/mon-compte\/#webpage\",\"url\":\"https:\/\/outlet.ilo-lilo.com\/fr\/mon-compte\/\",\"name\":\"Mon compte - Ilo-Lilo\",\"isPartOf\":{\"@id\":\"https:\/\/outlet.ilo-lilo.com\/en\/#website\"},\"datePublished\":\"2021-09-24T17:08:38+00:00\",\"dateModified\":\"2021-09-24T17:10:29+00:00\",\"breadcrumb\":{\"@id\":\"https:\/\/outlet.ilo-lilo.com\/fr\/mon-compte\/#breadcrumb\"},\"inLanguage\":\"fr-FR\",\"potentialAction\":[{\"@type\":\"ReadAction\",\"target\":[\"https:\/\/outlet.ilo-lilo.com\/fr\/mon-compte\/\"]}]},{\"@type\":\"BreadcrumbList\",\"@id\":\"https:\/\/outlet.ilo-lilo.com\/fr\/mon-compte\/#breadcrumb\",\"itemListElement\":[{\"@type\":\"ListItem\",\"position\":1,\"name\":\"Portada\",\"item\":\"https:\/\/outlet.ilo-lilo.com\/fr\/\"},{\"@type\":\"ListItem\",\"position\":2,\"name\":\"Mon compte\"}]}]}<\/script>\n<!-- \/ Yoast SEO plugin. -->","yoast_head_json":{"title":"Mon compte - Ilo-Lilo","robots":{"index":"index","follow":"follow","max-snippet":"max-snippet:-1","max-image-preview":"max-image-preview:large","max-video-preview":"max-video-preview:-1"},"canonical":"https:\/\/outlet.ilo-lilo.com\/fr\/mon-compte\/","og_locale":"fr_FR","og_type":"article","og_title":"Mon compte - Ilo-Lilo","og_url":"https:\/\/outlet.ilo-lilo.com\/fr\/mon-compte\/","og_site_name":"Ilo-Lilo","article_modified_time":"2021-09-24T17:10:29+00:00","twitter_card":"summary","twitter_misc":{"Dur\u00e9e de lecture estim\u00e9e":"1 minute"},"schema":{"@context":"https:\/\/schema.org","@graph":[{"@type":"WebSite","@id":"https:\/\/outlet.ilo-lilo.com\/en\/#website","url":"https:\/\/outlet.ilo-lilo.com\/en\/","name":"Ilo-Lilo","description":"Ropa de beb\u00e9 - Moda infantil para beb\u00e9s, ni\u00f1os y ni\u00f1as de 0 a 10 a\u00f1os. Hecho en Espa\u00f1a con tejidos de fibras naturales de m\u00e1xima calidad.","potentialAction":[{"@type":"SearchAction","target":{"@type":"EntryPoint","urlTemplate":"https:\/\/outlet.ilo-lilo.com\/en\/?s={search_term_string}"},"query-input":"required name=search_term_string"}],"inLanguage":"fr-FR"},{"@type":"WebPage","@id":"https:\/\/outlet.ilo-lilo.com\/fr\/mon-compte\/#webpage","url":"https:\/\/outlet.ilo-lilo.com\/fr\/mon-compte\/","name":"Mon compte - Ilo-Lilo","isPartOf":{"@id":"https:\/\/outlet.ilo-lilo.com\/en\/#website"},"datePublished":"2021-09-24T17:08:38+00:00","dateModified":"2021-09-24T17:10:29+00:00","breadcrumb":{"@id":"https:\/\/outlet.ilo-lilo.com\/fr\/mon-compte\/#breadcrumb"},"inLanguage":"fr-FR","potentialAction":[{"@type":"ReadAction","target":["https:\/\/outlet.ilo-lilo.com\/fr\/mon-compte\/"]}]},{"@type":"BreadcrumbList","@id":"https:\/\/outlet.ilo-lilo.com\/fr\/mon-compte\/#breadcrumb","itemListElement":[{"@type":"ListItem","position":1,"name":"Portada","item":"https:\/\/outlet.ilo-lilo.com\/fr\/"},{"@type":"ListItem","position":2,"name":"Mon compte"}]}]}},"_links":{"self":[{"href":"https:\/\/outlet.ilo-lilo.com\/fr\/wp-json\/wp\/v2\/pages\/13056"}],"collection":[{"href":"https:\/\/outlet.ilo-lilo.com\/fr\/wp-json\/wp\/v2\/pages"}],"about":[{"href":"https:\/\/outlet.ilo-lilo.com\/fr\/wp-json\/wp\/v2\/types\/page"}],"author":[{"embeddable":true,"href":"https:\/\/outlet.ilo-lilo.com\/fr\/wp-json\/wp\/v2\/users\/10656"}],"replies":[{"embeddable":true,"href":"https:\/\/outlet.ilo-lilo.com\/fr\/wp-json\/wp\/v2\/comments?post=13056"}],"version-history":[{"count":2,"href":"https:\/\/outlet.ilo-lilo.com\/fr\/wp-json\/wp\/v2\/pages\/13056\/revisions"}],"predecessor-version":[{"id":13058,"href":"https:\/\/outlet.ilo-lilo.com\/fr\/wp-json\/wp\/v2\/pages\/13056\/revisions\/13058"}],"wp:attachment":[{"href":"https:\/\/outlet.ilo-lilo.com\/fr\/wp-json\/wp\/v2\/media?parent=13056"}],"curies":[{"name":"wp","href":"https:\/\/api.w.org\/{rel}","templated":true}]}}