{"id":17656,"date":"2022-03-09T20:21:46","date_gmt":"2022-03-09T18:21:46","guid":{"rendered":"https:\/\/ilo-lilo.com\/?post_type=product&#038;p=17656"},"modified":"2024-07-01T10:04:26","modified_gmt":"2024-07-01T08:04:26","slug":"pelele-anil","status":"publish","type":"product","link":"https:\/\/outlet.ilo-lilo.com\/fr\/producto\/pelele-anil\/","title":{"rendered":"Pelele A\u00f1il"},"content":{"rendered":"<p>Pelele A\u00f1il<\/p>\n<p>Pelele de sisa de hilo de algod\u00f3n 100% color A\u00f1il<\/p>\n<p>Este pelele tiene el pecher\u00edn alto y la sisa es muy baja, dejando el c. ostado del beb\u00e9 al descubierto, la idea es que sea muy fresquito en verano y poder llevarlo con camisas debajo durante la primavera.<\/p>\n<p>Es calado y el punto va haciendo un dibujo muy mono.<\/p>\n<p>Color A\u00f1il muy alegre. Queda genial combinado con los <a href=\"https:\/\/outlet.ilo-lilo.com\/producto\/patucos\/\">Patucos<\/a> A\u00f1il y con la <a href=\"https:\/\/outlet.ilo-lilo.com\/producto\/capotas\/\">Capotas<\/a><\/p>\n<p>En el caso de que el beb\u00e9 \u00a0ya ande y no quer\u00e9is patucos, siempre existe la posibilidad de ponerlo con las botitas que para el oto\u00f1o y el invierno nos encantan. Echad un ojo en\u00a0<a href=\"https:\/\/www.pisamonas.es\/\">https:\/\/www.pisamonas.es<\/a><\/p>\n<p>Las prendas de ilolilo son todas creaciones \u00fanicas, pensadas y elaboradas con mucho amor para los\u00a0m\u00e1s\u00a0peque\u00f1os. Todo se realiza en Espana y la materia prima en cien por cien espanola.<\/p>\n<p>Nos encanta que los peques vistan como tales pero con un toque diferente, actual y a la moda. Hacemos moda infantil con mucho gusto.<\/p>\n<p>Todos los\u00a0art\u00edculos son\u00a0disenados por Lola Rebollo, las telas son seleccionadas con mucha\u00a0atenci\u00f3n, primor y\u00a0cari\u00f1o\u00a0para que\u00a0adem\u00e1s\u00a0de ser bonitos y originales, sean de alta calidad y perfectas para la piel de nuestros beb\u00e9s,\u00a0ni\u00f1os y\u00a0ni\u00f1as.<\/p>\n<p>Los proveedores son espa\u00f1oles, los patrones, el corte y la confecci\u00f3n, todo es espanol.<\/p>\n<p>Los nenes y nenas son nuestra prioridad,\u00a0as\u00ed como su confort, su bienestar y el de su piel. por ello hacemos todo para que los\u00a0ni\u00f1os sean los reyes de la casa.<\/p>\n","protected":false},"excerpt":{"rendered":"<ul>\n<li>Pelele de sisa de hilo de algod\u00f3n 100% color azul a\u00f1il<\/li>\n<li>Tanto el pechito como la espalda son altos, dejando la apertura lateral de la sisa abierta. Esto hace la prenda m\u00e1s fresquita.<\/li>\n<li>En primavera puede usarse con camisas debajo, como con la camisa beb\u00e9 pomelo o con el pelele pomelo.<\/li>\n<li>Es calado y el punto va haciendo un dibujo muy mono.<\/li>\n<li>Color azul a\u00f1il muy alegre.<\/li>\n<li><strong>Da talla. Ver gu\u00eda de tallas<\/strong><\/li>\n<li>Ver condiciones de lavado en etiqueta<\/li>\n<\/ul>\n","protected":false},"featured_media":16720,"comment_status":"open","ping_status":"closed","template":"","meta":{"_mi_skip_tracking":false,"_exactmetrics_sitenote_active":false,"_exactmetrics_sitenote_note":"","_exactmetrics_sitenote_category":0},"product_cat":[485,491,43],"product_tag":[],"woo-feed-brand":[],"yoast_head":"<!-- This site is optimized with the Yoast SEO plugin v18.8 - https:\/\/yoast.com\/wordpress\/plugins\/seo\/ -->\n<title>Pelele A\u00f1il - ranita de sisa de hilo algod\u00f3n - beb\u00e9s - ilo lilo<\/title>\n<meta name=\"description\" content=\"Pelele A\u00f1il, ranita o petito de hilo de algod\u00f3n, pelele de sisa calado, el calada va haciendo un dibujo muy mono. Colores veraniegos\" \/>\n<meta name=\"robots\" content=\"index, follow, max-snippet:-1, max-image-preview:large, max-video-preview:-1\" \/>\n<link rel=\"canonical\" href=\"https:\/\/outlet.ilo-lilo.com\/producto\/pelele-anil\/\" \/>\n<meta property=\"og:locale\" content=\"fr_FR\" \/>\n<meta property=\"og:type\" content=\"article\" \/>\n<meta property=\"og:title\" content=\"Pelele A\u00f1il - ranita de sisa de hilo algod\u00f3n - beb\u00e9s - ilo lilo\" \/>\n<meta property=\"og:description\" content=\"Pelele A\u00f1il, ranita o petito de hilo de algod\u00f3n, pelele de sisa calado, el calada va haciendo un dibujo muy mono. Colores veraniegos\" \/>\n<meta property=\"og:url\" content=\"https:\/\/outlet.ilo-lilo.com\/producto\/pelele-anil\/\" \/>\n<meta property=\"og:site_name\" content=\"Ilo-Lilo\" \/>\n<meta property=\"article:modified_time\" content=\"2024-07-01T08:04:26+00:00\" \/>\n<meta property=\"og:image\" content=\"https:\/\/outlet.ilo-lilo.com\/wp-content\/uploads\/Shooting_ilo-lilo-verano-pelele-bebe-punto-calado-azul-1-e1646846790598.jpg\" \/>\n\t<meta property=\"og:image:width\" content=\"801\" \/>\n\t<meta property=\"og:image:height\" content=\"801\" \/>\n\t<meta property=\"og:image:type\" content=\"image\/jpeg\" \/>\n<meta name=\"twitter:card\" content=\"summary\" \/>\n<meta name=\"twitter:label1\" content=\"Dur\u00e9e de lecture estim\u00e9e\" \/>\n\t<meta name=\"twitter:data1\" content=\"2 minutes\" \/>\n<script type=\"application\/ld+json\" class=\"yoast-schema-graph\">{\"@context\":\"https:\/\/schema.org\",\"@graph\":[{\"@type\":\"WebSite\",\"@id\":\"https:\/\/outlet.ilo-lilo.com\/en\/#website\",\"url\":\"https:\/\/outlet.ilo-lilo.com\/en\/\",\"name\":\"Ilo-Lilo\",\"description\":\"Ropa de beb\u00e9 - Moda infantil para beb\u00e9s, ni\u00f1os y ni\u00f1as de 0 a 10 a\u00f1os. Hecho en Espa\u00f1a con tejidos de fibras naturales de m\u00e1xima calidad.\",\"potentialAction\":[{\"@type\":\"SearchAction\",\"target\":{\"@type\":\"EntryPoint\",\"urlTemplate\":\"https:\/\/outlet.ilo-lilo.com\/en\/?s={search_term_string}\"},\"query-input\":\"required name=search_term_string\"}],\"inLanguage\":\"fr-FR\"},{\"@type\":\"ImageObject\",\"inLanguage\":\"fr-FR\",\"@id\":\"https:\/\/outlet.ilo-lilo.com\/producto\/pelele-anil\/#primaryimage\",\"url\":\"https:\/\/outlet.ilo-lilo.com\/wp-content\/uploads\/Shooting_ilo-lilo-verano-pelele-bebe-punto-calado-azul-1-e1646846790598.jpg\",\"contentUrl\":\"https:\/\/outlet.ilo-lilo.com\/wp-content\/uploads\/Shooting_ilo-lilo-verano-pelele-bebe-punto-calado-azul-1-e1646846790598.jpg\",\"width\":801,\"height\":801},{\"@type\":\"WebPage\",\"@id\":\"https:\/\/outlet.ilo-lilo.com\/producto\/pelele-anil\/#webpage\",\"url\":\"https:\/\/outlet.ilo-lilo.com\/producto\/pelele-anil\/\",\"name\":\"Pelele A\u00f1il - ranita de sisa de hilo algod\u00f3n - beb\u00e9s - ilo lilo\",\"isPartOf\":{\"@id\":\"https:\/\/outlet.ilo-lilo.com\/en\/#website\"},\"primaryImageOfPage\":{\"@id\":\"https:\/\/outlet.ilo-lilo.com\/producto\/pelele-anil\/#primaryimage\"},\"datePublished\":\"2022-03-09T18:21:46+00:00\",\"dateModified\":\"2024-07-01T08:04:26+00:00\",\"description\":\"Pelele A\u00f1il, ranita o petito de hilo de algod\u00f3n, pelele de sisa calado, el calada va haciendo un dibujo muy mono. Colores veraniegos\",\"breadcrumb\":{\"@id\":\"https:\/\/outlet.ilo-lilo.com\/producto\/pelele-anil\/#breadcrumb\"},\"inLanguage\":\"fr-FR\",\"potentialAction\":[{\"@type\":\"ReadAction\",\"target\":[\"https:\/\/outlet.ilo-lilo.com\/producto\/pelele-anil\/\"]}]},{\"@type\":\"BreadcrumbList\",\"@id\":\"https:\/\/outlet.ilo-lilo.com\/producto\/pelele-anil\/#breadcrumb\",\"itemListElement\":[{\"@type\":\"ListItem\",\"position\":1,\"name\":\"Portada\",\"item\":\"https:\/\/outlet.ilo-lilo.com\/fr\/\"},{\"@type\":\"ListItem\",\"position\":2,\"name\":\"TIENDA\",\"item\":\"https:\/\/outlet.ilo-lilo.com\/en\/shop\/\"},{\"@type\":\"ListItem\",\"position\":3,\"name\":\"Pelele A\u00f1il\"}]}]}<\/script>\n<!-- \/ Yoast SEO plugin. -->","yoast_head_json":{"title":"Pelele A\u00f1il - ranita de sisa de hilo algod\u00f3n - beb\u00e9s - ilo lilo","description":"Pelele A\u00f1il, ranita o petito de hilo de algod\u00f3n, pelele de sisa calado, el calada va haciendo un dibujo muy mono. Colores veraniegos","robots":{"index":"index","follow":"follow","max-snippet":"max-snippet:-1","max-image-preview":"max-image-preview:large","max-video-preview":"max-video-preview:-1"},"canonical":"https:\/\/outlet.ilo-lilo.com\/producto\/pelele-anil\/","og_locale":"fr_FR","og_type":"article","og_title":"Pelele A\u00f1il - ranita de sisa de hilo algod\u00f3n - beb\u00e9s - ilo lilo","og_description":"Pelele A\u00f1il, ranita o petito de hilo de algod\u00f3n, pelele de sisa calado, el calada va haciendo un dibujo muy mono. Colores veraniegos","og_url":"https:\/\/outlet.ilo-lilo.com\/producto\/pelele-anil\/","og_site_name":"Ilo-Lilo","article_modified_time":"2024-07-01T08:04:26+00:00","og_image":[{"width":801,"height":801,"url":"https:\/\/outlet.ilo-lilo.com\/wp-content\/uploads\/Shooting_ilo-lilo-verano-pelele-bebe-punto-calado-azul-1-e1646846790598.jpg","type":"image\/jpeg"}],"twitter_card":"summary","twitter_misc":{"Dur\u00e9e de lecture estim\u00e9e":"2 minutes"},"schema":{"@context":"https:\/\/schema.org","@graph":[{"@type":"WebSite","@id":"https:\/\/outlet.ilo-lilo.com\/en\/#website","url":"https:\/\/outlet.ilo-lilo.com\/en\/","name":"Ilo-Lilo","description":"Ropa de beb\u00e9 - Moda infantil para beb\u00e9s, ni\u00f1os y ni\u00f1as de 0 a 10 a\u00f1os. Hecho en Espa\u00f1a con tejidos de fibras naturales de m\u00e1xima calidad.","potentialAction":[{"@type":"SearchAction","target":{"@type":"EntryPoint","urlTemplate":"https:\/\/outlet.ilo-lilo.com\/en\/?s={search_term_string}"},"query-input":"required name=search_term_string"}],"inLanguage":"fr-FR"},{"@type":"ImageObject","inLanguage":"fr-FR","@id":"https:\/\/outlet.ilo-lilo.com\/producto\/pelele-anil\/#primaryimage","url":"https:\/\/outlet.ilo-lilo.com\/wp-content\/uploads\/Shooting_ilo-lilo-verano-pelele-bebe-punto-calado-azul-1-e1646846790598.jpg","contentUrl":"https:\/\/outlet.ilo-lilo.com\/wp-content\/uploads\/Shooting_ilo-lilo-verano-pelele-bebe-punto-calado-azul-1-e1646846790598.jpg","width":801,"height":801},{"@type":"WebPage","@id":"https:\/\/outlet.ilo-lilo.com\/producto\/pelele-anil\/#webpage","url":"https:\/\/outlet.ilo-lilo.com\/producto\/pelele-anil\/","name":"Pelele A\u00f1il - ranita de sisa de hilo algod\u00f3n - beb\u00e9s - ilo lilo","isPartOf":{"@id":"https:\/\/outlet.ilo-lilo.com\/en\/#website"},"primaryImageOfPage":{"@id":"https:\/\/outlet.ilo-lilo.com\/producto\/pelele-anil\/#primaryimage"},"datePublished":"2022-03-09T18:21:46+00:00","dateModified":"2024-07-01T08:04:26+00:00","description":"Pelele A\u00f1il, ranita o petito de hilo de algod\u00f3n, pelele de sisa calado, el calada va haciendo un dibujo muy mono. Colores veraniegos","breadcrumb":{"@id":"https:\/\/outlet.ilo-lilo.com\/producto\/pelele-anil\/#breadcrumb"},"inLanguage":"fr-FR","potentialAction":[{"@type":"ReadAction","target":["https:\/\/outlet.ilo-lilo.com\/producto\/pelele-anil\/"]}]},{"@type":"BreadcrumbList","@id":"https:\/\/outlet.ilo-lilo.com\/producto\/pelele-anil\/#breadcrumb","itemListElement":[{"@type":"ListItem","position":1,"name":"Portada","item":"https:\/\/outlet.ilo-lilo.com\/fr\/"},{"@type":"ListItem","position":2,"name":"TIENDA","item":"https:\/\/outlet.ilo-lilo.com\/en\/shop\/"},{"@type":"ListItem","position":3,"name":"Pelele A\u00f1il"}]}]}},"_links":{"self":[{"href":"https:\/\/outlet.ilo-lilo.com\/fr\/wp-json\/wp\/v2\/product\/17656"}],"collection":[{"href":"https:\/\/outlet.ilo-lilo.com\/fr\/wp-json\/wp\/v2\/product"}],"about":[{"href":"https:\/\/outlet.ilo-lilo.com\/fr\/wp-json\/wp\/v2\/types\/product"}],"replies":[{"embeddable":true,"href":"https:\/\/outlet.ilo-lilo.com\/fr\/wp-json\/wp\/v2\/comments?post=17656"}],"wp:featuredmedia":[{"embeddable":true,"href":"https:\/\/outlet.ilo-lilo.com\/fr\/wp-json\/wp\/v2\/media\/16720"}],"wp:attachment":[{"href":"https:\/\/outlet.ilo-lilo.com\/fr\/wp-json\/wp\/v2\/media?parent=17656"}],"wp:term":[{"taxonomy":"product_cat","embeddable":true,"href":"https:\/\/outlet.ilo-lilo.com\/fr\/wp-json\/wp\/v2\/product_cat?post=17656"},{"taxonomy":"product_tag","embeddable":true,"href":"https:\/\/outlet.ilo-lilo.com\/fr\/wp-json\/wp\/v2\/product_tag?post=17656"},{"taxonomy":"woo-feed-brand","embeddable":true,"href":"https:\/\/outlet.ilo-lilo.com\/fr\/wp-json\/wp\/v2\/woo-feed-brand?post=17656"}],"curies":[{"name":"wp","href":"https:\/\/api.w.org\/{rel}","templated":true}]}}