{"id":29889,"date":"2023-04-25T12:25:12","date_gmt":"2023-04-25T10:25:12","guid":{"rendered":"https:\/\/ilo-lilo.com\/?post_type=product&#038;p=29889"},"modified":"2024-05-23T00:04:58","modified_gmt":"2024-05-22T22:04:58","slug":"ranita-capri","status":"publish","type":"product","link":"https:\/\/outlet.ilo-lilo.com\/fr\/producto\/ranita-capri\/","title":{"rendered":"Ranita Capri"},"content":{"rendered":"<p>Ranita Capri<\/p>\n<p>Ranita Capri de tirantes que se cierra con botones en el pa\u00f1al. Hace un volantito en la pierna.<\/p>\n<p>Petito de vichy coral y malva, tejido 60% algod\u00f3n 40% poliester<\/p>\n<p>Podr\u00e1s encontrar todo tipo de opciones para conjuntar a hermanos y con la mam\u00e1.<\/p>\n<p>&nbsp;<\/p>\n<p>&nbsp;<\/p>\n<p>&nbsp;<\/p>\n","protected":false},"excerpt":{"rendered":"<div class=\"product-short-description\">\n<ul>\n<li>Ranita de tirantes que se cierra con botones en el pa\u00f1al. Hace un volantito en la pierna.<\/li>\n<li>Petitode vichy malva y coral, tejido 60% algod\u00f3n 40% poliester.<\/li>\n<li>Lleva botones de madera.<\/li>\n<li>Ver condiciones de lavado en etiqueta.<\/li>\n<\/ul>\n<\/div>\n","protected":false},"featured_media":27759,"comment_status":"open","ping_status":"closed","template":"","meta":{"_mi_skip_tracking":false,"_exactmetrics_sitenote_active":false,"_exactmetrics_sitenote_note":"","_exactmetrics_sitenote_category":0},"product_cat":[491,565,43],"product_tag":[],"woo-feed-brand":[],"yoast_head":"<!-- This site is optimized with the Yoast SEO plugin v18.8 - https:\/\/yoast.com\/wordpress\/plugins\/seo\/ -->\n<title>Ranita capri - Peto unisex - Moda infantil espa\u00f1ola - tejido exclusivo il\u00f3 lil\u00f3<\/title>\n<meta name=\"description\" content=\"Ranita Capri de tirantes que se cierra con botones en el pa\u00f1al. Hace un volantito en la pierna. Tejido de vichy\" \/>\n<meta name=\"robots\" content=\"index, follow, max-snippet:-1, max-image-preview:large, max-video-preview:-1\" \/>\n<link rel=\"canonical\" href=\"https:\/\/outlet.ilo-lilo.com\/producto\/ranita-capri\/\" \/>\n<meta property=\"og:locale\" content=\"fr_FR\" \/>\n<meta property=\"og:type\" content=\"article\" \/>\n<meta property=\"og:title\" content=\"Ranita capri - Peto unisex - Moda infantil espa\u00f1ola - tejido exclusivo il\u00f3 lil\u00f3\" \/>\n<meta property=\"og:description\" content=\"Ranita Capri de tirantes que se cierra con botones en el pa\u00f1al. Hace un volantito en la pierna. Tejido de vichy\" \/>\n<meta property=\"og:url\" content=\"https:\/\/outlet.ilo-lilo.com\/producto\/ranita-capri\/\" \/>\n<meta property=\"og:site_name\" content=\"Ilo-Lilo\" \/>\n<meta property=\"article:modified_time\" content=\"2024-05-22T22:04:58+00:00\" \/>\n<meta property=\"og:image\" content=\"https:\/\/outlet.ilo-lilo.com\/wp-content\/uploads\/ABG3070-e1679480526220.jpg\" \/>\n\t<meta property=\"og:image:width\" content=\"1361\" \/>\n\t<meta property=\"og:image:height\" content=\"1361\" \/>\n\t<meta property=\"og:image:type\" content=\"image\/jpeg\" \/>\n<meta name=\"twitter:card\" content=\"summary\" \/>\n<meta name=\"twitter:label1\" content=\"Dur\u00e9e de lecture estim\u00e9e\" \/>\n\t<meta name=\"twitter:data1\" content=\"1 minute\" \/>\n<script type=\"application\/ld+json\" class=\"yoast-schema-graph\">{\"@context\":\"https:\/\/schema.org\",\"@graph\":[{\"@type\":\"WebSite\",\"@id\":\"https:\/\/outlet.ilo-lilo.com\/en\/#website\",\"url\":\"https:\/\/outlet.ilo-lilo.com\/en\/\",\"name\":\"Ilo-Lilo\",\"description\":\"Ropa de beb\u00e9 - Moda infantil para beb\u00e9s, ni\u00f1os y ni\u00f1as de 0 a 10 a\u00f1os. Hecho en Espa\u00f1a con tejidos de fibras naturales de m\u00e1xima calidad.\",\"potentialAction\":[{\"@type\":\"SearchAction\",\"target\":{\"@type\":\"EntryPoint\",\"urlTemplate\":\"https:\/\/outlet.ilo-lilo.com\/en\/?s={search_term_string}\"},\"query-input\":\"required name=search_term_string\"}],\"inLanguage\":\"fr-FR\"},{\"@type\":\"ImageObject\",\"inLanguage\":\"fr-FR\",\"@id\":\"https:\/\/outlet.ilo-lilo.com\/producto\/ranita-capri\/#primaryimage\",\"url\":\"https:\/\/outlet.ilo-lilo.com\/wp-content\/uploads\/ABG3070-e1679480526220.jpg\",\"contentUrl\":\"https:\/\/outlet.ilo-lilo.com\/wp-content\/uploads\/ABG3070-e1679480526220.jpg\",\"width\":1361,\"height\":1361},{\"@type\":\"WebPage\",\"@id\":\"https:\/\/outlet.ilo-lilo.com\/producto\/ranita-capri\/#webpage\",\"url\":\"https:\/\/outlet.ilo-lilo.com\/producto\/ranita-capri\/\",\"name\":\"Ranita capri - Peto unisex - Moda infantil espa\u00f1ola - tejido exclusivo il\u00f3 lil\u00f3\",\"isPartOf\":{\"@id\":\"https:\/\/outlet.ilo-lilo.com\/en\/#website\"},\"primaryImageOfPage\":{\"@id\":\"https:\/\/outlet.ilo-lilo.com\/producto\/ranita-capri\/#primaryimage\"},\"datePublished\":\"2023-04-25T10:25:12+00:00\",\"dateModified\":\"2024-05-22T22:04:58+00:00\",\"description\":\"Ranita Capri de tirantes que se cierra con botones en el pa\u00f1al. Hace un volantito en la pierna. Tejido de vichy\",\"breadcrumb\":{\"@id\":\"https:\/\/outlet.ilo-lilo.com\/producto\/ranita-capri\/#breadcrumb\"},\"inLanguage\":\"fr-FR\",\"potentialAction\":[{\"@type\":\"ReadAction\",\"target\":[\"https:\/\/outlet.ilo-lilo.com\/producto\/ranita-capri\/\"]}]},{\"@type\":\"BreadcrumbList\",\"@id\":\"https:\/\/outlet.ilo-lilo.com\/producto\/ranita-capri\/#breadcrumb\",\"itemListElement\":[{\"@type\":\"ListItem\",\"position\":1,\"name\":\"Portada\",\"item\":\"https:\/\/outlet.ilo-lilo.com\/fr\/\"},{\"@type\":\"ListItem\",\"position\":2,\"name\":\"TIENDA\",\"item\":\"https:\/\/outlet.ilo-lilo.com\/en\/shop\/\"},{\"@type\":\"ListItem\",\"position\":3,\"name\":\"Ranita Capri\"}]}]}<\/script>\n<!-- \/ Yoast SEO plugin. -->","yoast_head_json":{"title":"Ranita capri - Peto unisex - Moda infantil espa\u00f1ola - tejido exclusivo il\u00f3 lil\u00f3","description":"Ranita Capri de tirantes que se cierra con botones en el pa\u00f1al. Hace un volantito en la pierna. Tejido de vichy","robots":{"index":"index","follow":"follow","max-snippet":"max-snippet:-1","max-image-preview":"max-image-preview:large","max-video-preview":"max-video-preview:-1"},"canonical":"https:\/\/outlet.ilo-lilo.com\/producto\/ranita-capri\/","og_locale":"fr_FR","og_type":"article","og_title":"Ranita capri - Peto unisex - Moda infantil espa\u00f1ola - tejido exclusivo il\u00f3 lil\u00f3","og_description":"Ranita Capri de tirantes que se cierra con botones en el pa\u00f1al. Hace un volantito en la pierna. Tejido de vichy","og_url":"https:\/\/outlet.ilo-lilo.com\/producto\/ranita-capri\/","og_site_name":"Ilo-Lilo","article_modified_time":"2024-05-22T22:04:58+00:00","og_image":[{"width":1361,"height":1361,"url":"https:\/\/outlet.ilo-lilo.com\/wp-content\/uploads\/ABG3070-e1679480526220.jpg","type":"image\/jpeg"}],"twitter_card":"summary","twitter_misc":{"Dur\u00e9e de lecture estim\u00e9e":"1 minute"},"schema":{"@context":"https:\/\/schema.org","@graph":[{"@type":"WebSite","@id":"https:\/\/outlet.ilo-lilo.com\/en\/#website","url":"https:\/\/outlet.ilo-lilo.com\/en\/","name":"Ilo-Lilo","description":"Ropa de beb\u00e9 - Moda infantil para beb\u00e9s, ni\u00f1os y ni\u00f1as de 0 a 10 a\u00f1os. Hecho en Espa\u00f1a con tejidos de fibras naturales de m\u00e1xima calidad.","potentialAction":[{"@type":"SearchAction","target":{"@type":"EntryPoint","urlTemplate":"https:\/\/outlet.ilo-lilo.com\/en\/?s={search_term_string}"},"query-input":"required name=search_term_string"}],"inLanguage":"fr-FR"},{"@type":"ImageObject","inLanguage":"fr-FR","@id":"https:\/\/outlet.ilo-lilo.com\/producto\/ranita-capri\/#primaryimage","url":"https:\/\/outlet.ilo-lilo.com\/wp-content\/uploads\/ABG3070-e1679480526220.jpg","contentUrl":"https:\/\/outlet.ilo-lilo.com\/wp-content\/uploads\/ABG3070-e1679480526220.jpg","width":1361,"height":1361},{"@type":"WebPage","@id":"https:\/\/outlet.ilo-lilo.com\/producto\/ranita-capri\/#webpage","url":"https:\/\/outlet.ilo-lilo.com\/producto\/ranita-capri\/","name":"Ranita capri - Peto unisex - Moda infantil espa\u00f1ola - tejido exclusivo il\u00f3 lil\u00f3","isPartOf":{"@id":"https:\/\/outlet.ilo-lilo.com\/en\/#website"},"primaryImageOfPage":{"@id":"https:\/\/outlet.ilo-lilo.com\/producto\/ranita-capri\/#primaryimage"},"datePublished":"2023-04-25T10:25:12+00:00","dateModified":"2024-05-22T22:04:58+00:00","description":"Ranita Capri de tirantes que se cierra con botones en el pa\u00f1al. Hace un volantito en la pierna. Tejido de vichy","breadcrumb":{"@id":"https:\/\/outlet.ilo-lilo.com\/producto\/ranita-capri\/#breadcrumb"},"inLanguage":"fr-FR","potentialAction":[{"@type":"ReadAction","target":["https:\/\/outlet.ilo-lilo.com\/producto\/ranita-capri\/"]}]},{"@type":"BreadcrumbList","@id":"https:\/\/outlet.ilo-lilo.com\/producto\/ranita-capri\/#breadcrumb","itemListElement":[{"@type":"ListItem","position":1,"name":"Portada","item":"https:\/\/outlet.ilo-lilo.com\/fr\/"},{"@type":"ListItem","position":2,"name":"TIENDA","item":"https:\/\/outlet.ilo-lilo.com\/en\/shop\/"},{"@type":"ListItem","position":3,"name":"Ranita Capri"}]}]}},"_links":{"self":[{"href":"https:\/\/outlet.ilo-lilo.com\/fr\/wp-json\/wp\/v2\/product\/29889"}],"collection":[{"href":"https:\/\/outlet.ilo-lilo.com\/fr\/wp-json\/wp\/v2\/product"}],"about":[{"href":"https:\/\/outlet.ilo-lilo.com\/fr\/wp-json\/wp\/v2\/types\/product"}],"replies":[{"embeddable":true,"href":"https:\/\/outlet.ilo-lilo.com\/fr\/wp-json\/wp\/v2\/comments?post=29889"}],"wp:featuredmedia":[{"embeddable":true,"href":"https:\/\/outlet.ilo-lilo.com\/fr\/wp-json\/wp\/v2\/media\/27759"}],"wp:attachment":[{"href":"https:\/\/outlet.ilo-lilo.com\/fr\/wp-json\/wp\/v2\/media?parent=29889"}],"wp:term":[{"taxonomy":"product_cat","embeddable":true,"href":"https:\/\/outlet.ilo-lilo.com\/fr\/wp-json\/wp\/v2\/product_cat?post=29889"},{"taxonomy":"product_tag","embeddable":true,"href":"https:\/\/outlet.ilo-lilo.com\/fr\/wp-json\/wp\/v2\/product_tag?post=29889"},{"taxonomy":"woo-feed-brand","embeddable":true,"href":"https:\/\/outlet.ilo-lilo.com\/fr\/wp-json\/wp\/v2\/woo-feed-brand?post=29889"}],"curies":[{"name":"wp","href":"https:\/\/api.w.org\/{rel}","templated":true}]}}